{"id":1350,"date":"2022-11-07T16:57:19","date_gmt":"2022-11-07T15:57:19","guid":{"rendered":"https:\/\/evabaluchova.com\/?post_type=product&#038;p=1350"},"modified":"2025-12-05T20:45:02","modified_gmt":"2025-12-05T19:45:02","slug":"sedm-posvatnych-peceti","status":"publish","type":"product","link":"https:\/\/evabaluchova.com\/index.php\/produkt\/sedm-posvatnych-peceti\/","title":{"rendered":"Sedm posv\u00e1tn\u00fdch pe\u010det\u00ed"},"content":{"rendered":"<p>&#8222;Cesta do Siedmych posv\u00e4tn\u00fdch pe\u010dat\u00ed je v\u00fdpravou za hranice \u017eivota, ktor\u00fd v\u00e4\u010d\u0161inu z n\u00e1s vn\u00edma ako be\u017en\u00fd. Je to vchod do sveta osvietenia, do jemn\u00fdch vl\u00e1kien svetla sp\u00e1jaj\u00facich dohromady \u010das a priestor. Jedn\u00e9ho d\u0148a n\u00e1s to privedie k bezmernosti, do nekone\u010dn\u00e9ho sveta, ktor\u00fd vol\u00e1me bo\u017e\u00edm.&#8220;<\/p>\n<p style=\"text-align: right;\">&#8211; Richard Rudd<\/p>\n<ul>\n<li><strong>V\u00e4zba:\u00a0<\/strong>bro\u017eovan\u00e1<\/li>\n<li><strong>Jazyk:\u00a0<\/strong>\u010desk\u00fd<\/li>\n<li><strong>Po\u010det str\u00e1n: <\/strong>155<\/li>\n<li><strong>Form\u00e1t:<\/strong> 140 x 215 mm<\/li>\n<li><strong>Vydavate\u013e: <\/strong>Mark\u00e9ta Doubravsk\u00e1<\/li>\n<li><strong>ISBN13 (\u010diarov\u00fd k\u00f3d EAN):\u00a0<\/strong>9788090721555<\/li>\n<li><strong>ISBN<\/strong> 978-80-907215-5-5<\/li>\n<\/ul>\n<p>&nbsp;<\/p>\n\n\t\t<div class='author-shortcodes'>\n\t\t\t<div class='author-inner'>\n\t\t\t\t<div class='author-image'>\n\t\t\t<img src='https:\/\/evabaluchova.com\/wp-content\/uploads\/et_temp\/RichardRudd-303873_60x60.jpg' alt='' \/>\n\t\t\t<div class='author-overlay'><\/div>\n\t\t<\/div> \n\t\t<div class='author-info'>\n\t\t\tRichard Rudd je mystik, poet, u\u010dite\u013e, man\u017eel a otec troch det\u00ed. Narodil sa a \u017eije rodinn\u00fdm \u017eivotom v Anglicku. Na univerzite \u0161tudoval anglick\u00fa literat\u00faru a metafyziku a k tomu sa zauj\u00edmal o ezoterick\u00fd mysticizmus, o r\u00f4zne n\u00e1bo\u017eensk\u00e9 smery a filozofie, o psychol\u00f3giu Carla Junga&#8230; Po\u010das svojich ciest po svete spozn\u00e1val r\u00f4zne kult\u00fary a u\u010dite\u013eov r\u00f4znych trad\u00edci\u00ed, praktikoval medit\u00e1ciu, \u010dikung &#8230; Ke\u010f mal 29 rokov, za\u017eil spont\u00e1nny energetick\u00fd z\u00e1\u017eitok, kedy sa jeho individu\u00e1lne vedomie na 3 dni roz\u0161\u00edrilo, ako to s\u00e1m nazval, do &#8222;nekone\u010dn\u00e9ho svetla&#8220;. Trvalo nieko\u013eko rokov k\u00fdm tento z\u00e1\u017eitok postupne za\u010dal integrova\u0165 do svojho be\u017en\u00e9ho \u017eivota a po\u010das tohto obdobia \u0161tudoval, u\u010dil syst\u00e9m Human design, zaoberal sa I-\u0165ingom a z nich za\u010dalo kl\u00ed\u010di\u0165 u\u010denie a m\u00fadros\u0165 g\u00e9nov\u00fdch k\u013e\u00fa\u010dov, ktor\u00e9 s\u00fa ur\u010ditou formou transmisie vedomia, ktor\u00e9 Richardom na\u010falej pr\u00fadi.\n\t\t<\/div>\n\t\t\t<\/div>\n\t\t<\/div>\n<span class=\"et_bloom_bottom_trigger\"><\/span>","protected":false},"excerpt":{"rendered":"<p>&nbsp;<\/p>\n<p><strong>Autor:<\/strong> Richard Rudd<\/p>\n<p>&#8222;\u00dalohou vedy je rozl\u00fa\u0161ti\u0165 ve\u013ea tajomstiev \u017eivota a pok\u00fasi\u0165 sa porozumie\u0165 sp\u00f4sobu, ako veci funguj\u00fa. Aj napriek s\u00fa oblasti, ktor\u00e9 m\u00f4\u017eu pre vedu zosta\u0165 nav\u017edy nepr\u00edstupn\u00e9. Jedn\u00fdm z tak\u00fdch tajomstiev ste aj vy. Aj ke\u010f jednoho d\u0148a mo\u017eno porozumieme, ako funguje \u013eudsk\u00e1 bytos\u0165, na\u0161a skuto\u010dn\u00e1 h\u013abka le\u017e\u00ed mimo r\u00e1mec objekt\u00edvneho porozumenia. Preto, aby sme poznali kto skuto\u010dne sme, budeme musie\u0165 \u00eds\u0165 a\u017e za myse\u013e samotn\u00fa. A to je \u00fa\u010delom umenia kontempl\u00e1cie.&#8220;<\/p>\n<p style=\"text-align: right;\">&#8211; Richard Rudd<\/p>\n<p>(viac n\u00e1jdete na<a href=\"http:\/\/www.genovekluce.com\"> www.genovekluce.com<\/a>)<\/p>\n<p>&nbsp;<\/p>\n<ul>\n<li><strong>V\u00e4zba:\u00a0<\/strong>pevn\u00e1 v\u00e4zba<\/li>\n<li><strong>Jazyk:\u00a0<\/strong>\u010desk\u00fd<\/li>\n<li><strong>Po\u010det str\u00e1n: <\/strong>87<\/li>\n<li><strong>Form\u00e1t:<\/strong> 140 x 215 mm<\/li>\n<li><strong>Vydavate\u013e: <\/strong>Mark\u00e9ta Doubravsk\u00e1<\/li>\n<li><strong>ISBN13 (\u010diarov\u00fd k\u00f3d EAN):\u00a0<\/strong>9788090721524<\/li>\n<li><strong>ISBN<\/strong> 978-80-907215-2-4<\/li>\n<\/ul>\n<p>&nbsp;<\/p>\n","protected":false},"featured_media":940,"comment_status":"open","ping_status":"closed","template":"","meta":{"_et_pb_use_builder":"","_et_pb_old_content":"","_et_gb_content_width":"","content-type":"","_monsterinsights_skip_tracking":false,"_monsterinsights_sitenote_active":false,"_monsterinsights_sitenote_note":"","_monsterinsights_sitenote_category":0},"product_cat":[37,29],"product_tag":[32,31,43,34,33,40],"yoast_head":"<!-- This site is optimized with the Yoast SEO plugin v22.6 - https:\/\/yoast.com\/wordpress\/plugins\/seo\/ -->\n<title>Sedm posv\u00e1tn\u00fdch pe\u010det\u00ed - Eva Baluchov\u00e1<\/title>\n<meta name=\"description\" content=\"Cesta do Siedmych posv\u00e4tn\u00fdch pe\u010dat\u00ed je v\u00fdpravou za hranice \u017eivota, ktor\u00fd v\u00e4\u010d\u0161inu z n\u00e1s vn\u00edma ako be\u017en\u00fd. Richard Rudd\" \/>\n<meta name=\"robots\" content=\"index, follow, max-snippet:-1, max-image-preview:large, max-video-preview:-1\" \/>\n<link rel=\"canonical\" href=\"https:\/\/evabaluchova.com\/index.php\/produkt\/sedm-posvatnych-peceti\/\" \/>\n<meta property=\"og:locale\" content=\"sk_SK\" \/>\n<meta property=\"og:type\" content=\"article\" \/>\n<meta property=\"og:title\" content=\"Sedm posv\u00e1tn\u00fdch pe\u010det\u00ed - Eva Baluchov\u00e1\" \/>\n<meta property=\"og:description\" content=\"Cesta do Siedmych posv\u00e4tn\u00fdch pe\u010dat\u00ed je v\u00fdpravou za hranice \u017eivota, ktor\u00fd v\u00e4\u010d\u0161inu z n\u00e1s vn\u00edma ako be\u017en\u00fd. Richard Rudd\" \/>\n<meta property=\"og:url\" content=\"https:\/\/evabaluchova.com\/index.php\/produkt\/sedm-posvatnych-peceti\/\" \/>\n<meta property=\"og:site_name\" content=\"Eva Baluchov\u00e1\" \/>\n<meta property=\"article:publisher\" content=\"https:\/\/www.facebook.com\/coachevabaluchova\" \/>\n<meta property=\"article:modified_time\" content=\"2025-12-05T19:45:02+00:00\" \/>\n<meta property=\"og:image\" content=\"https:\/\/evabaluchova.com\/wp-content\/uploads\/2022\/05\/SEDEM_POSV_PECATI_1.jpg\" \/>\n\t<meta property=\"og:image:width\" content=\"2000\" \/>\n\t<meta property=\"og:image:height\" content=\"2000\" \/>\n\t<meta property=\"og:image:type\" content=\"image\/jpeg\" \/>\n<meta name=\"twitter:card\" content=\"summary_large_image\" \/>\n<meta name=\"twitter:label1\" content=\"Predpokladan\u00fd \u010das \u010d\u00edtania\" \/>\n\t<meta name=\"twitter:data1\" content=\"2 min\u00faty\" \/>\n<script type=\"application\/ld+json\" class=\"yoast-schema-graph\">{\"@context\":\"https:\/\/schema.org\",\"@graph\":[{\"@type\":\"WebPage\",\"@id\":\"https:\/\/evabaluchova.com\/index.php\/produkt\/sedm-posvatnych-peceti\/\",\"url\":\"https:\/\/evabaluchova.com\/index.php\/produkt\/sedm-posvatnych-peceti\/\",\"name\":\"Sedm posv\u00e1tn\u00fdch pe\u010det\u00ed - Eva Baluchov\u00e1\",\"isPartOf\":{\"@id\":\"https:\/\/evabaluchova.com\/#website\"},\"primaryImageOfPage\":{\"@id\":\"https:\/\/evabaluchova.com\/index.php\/produkt\/sedm-posvatnych-peceti\/#primaryimage\"},\"image\":{\"@id\":\"https:\/\/evabaluchova.com\/index.php\/produkt\/sedm-posvatnych-peceti\/#primaryimage\"},\"thumbnailUrl\":\"https:\/\/evabaluchova.com\/wp-content\/uploads\/2022\/05\/SEDEM_POSV_PECATI_1.jpg\",\"datePublished\":\"2022-11-07T15:57:19+00:00\",\"dateModified\":\"2025-12-05T19:45:02+00:00\",\"description\":\"Cesta do Siedmych posv\u00e4tn\u00fdch pe\u010dat\u00ed je v\u00fdpravou za hranice \u017eivota, ktor\u00fd v\u00e4\u010d\u0161inu z n\u00e1s vn\u00edma ako be\u017en\u00fd. Richard Rudd\",\"breadcrumb\":{\"@id\":\"https:\/\/evabaluchova.com\/index.php\/produkt\/sedm-posvatnych-peceti\/#breadcrumb\"},\"inLanguage\":\"sk-SK\",\"potentialAction\":[{\"@type\":\"ReadAction\",\"target\":[\"https:\/\/evabaluchova.com\/index.php\/produkt\/sedm-posvatnych-peceti\/\"]}]},{\"@type\":\"ImageObject\",\"inLanguage\":\"sk-SK\",\"@id\":\"https:\/\/evabaluchova.com\/index.php\/produkt\/sedm-posvatnych-peceti\/#primaryimage\",\"url\":\"https:\/\/evabaluchova.com\/wp-content\/uploads\/2022\/05\/SEDEM_POSV_PECATI_1.jpg\",\"contentUrl\":\"https:\/\/evabaluchova.com\/wp-content\/uploads\/2022\/05\/SEDEM_POSV_PECATI_1.jpg\",\"width\":2000,\"height\":2000},{\"@type\":\"BreadcrumbList\",\"@id\":\"https:\/\/evabaluchova.com\/index.php\/produkt\/sedm-posvatnych-peceti\/#breadcrumb\",\"itemListElement\":[{\"@type\":\"ListItem\",\"position\":1,\"name\":\"Home\",\"item\":\"https:\/\/evabaluchova.com\/\"},{\"@type\":\"ListItem\",\"position\":2,\"name\":\"Obchod\",\"item\":\"https:\/\/evabaluchova.com\/index.php\/obchod\/\"},{\"@type\":\"ListItem\",\"position\":3,\"name\":\"Sedm posv\u00e1tn\u00fdch pe\u010det\u00ed\"}]},{\"@type\":\"WebSite\",\"@id\":\"https:\/\/evabaluchova.com\/#website\",\"url\":\"https:\/\/evabaluchova.com\/\",\"name\":\"Eva Baluchov\u00e1\",\"description\":\"Zmena postoja - to je to naj\u00fa\u010dinnej\u0161ie \u010do m\u00f4\u017eete spravi\u0165.\",\"publisher\":{\"@id\":\"https:\/\/evabaluchova.com\/#organization\"},\"potentialAction\":[{\"@type\":\"SearchAction\",\"target\":{\"@type\":\"EntryPoint\",\"urlTemplate\":\"https:\/\/evabaluchova.com\/?s={search_term_string}\"},\"query-input\":\"required name=search_term_string\"}],\"inLanguage\":\"sk-SK\"},{\"@type\":\"Organization\",\"@id\":\"https:\/\/evabaluchova.com\/#organization\",\"name\":\"Eva Baluchov\u00e1, s.r.o.\",\"url\":\"https:\/\/evabaluchova.com\/\",\"logo\":{\"@type\":\"ImageObject\",\"inLanguage\":\"sk-SK\",\"@id\":\"https:\/\/evabaluchova.com\/#\/schema\/logo\/image\/\",\"url\":\"https:\/\/evabaluchova.com\/wp-content\/uploads\/2021\/07\/23-1.png\",\"contentUrl\":\"https:\/\/evabaluchova.com\/wp-content\/uploads\/2021\/07\/23-1.png\",\"width\":940,\"height\":788,\"caption\":\"Eva Baluchov\u00e1, s.r.o.\"},\"image\":{\"@id\":\"https:\/\/evabaluchova.com\/#\/schema\/logo\/image\/\"},\"sameAs\":[\"https:\/\/www.facebook.com\/coachevabaluchova\"]}]}<\/script>\n<!-- \/ Yoast SEO plugin. -->","yoast_head_json":{"title":"Sedm posv\u00e1tn\u00fdch pe\u010det\u00ed - Eva Baluchov\u00e1","description":"Cesta do Siedmych posv\u00e4tn\u00fdch pe\u010dat\u00ed je v\u00fdpravou za hranice \u017eivota, ktor\u00fd v\u00e4\u010d\u0161inu z n\u00e1s vn\u00edma ako be\u017en\u00fd. Richard Rudd","robots":{"index":"index","follow":"follow","max-snippet":"max-snippet:-1","max-image-preview":"max-image-preview:large","max-video-preview":"max-video-preview:-1"},"canonical":"https:\/\/evabaluchova.com\/index.php\/produkt\/sedm-posvatnych-peceti\/","og_locale":"sk_SK","og_type":"article","og_title":"Sedm posv\u00e1tn\u00fdch pe\u010det\u00ed - Eva Baluchov\u00e1","og_description":"Cesta do Siedmych posv\u00e4tn\u00fdch pe\u010dat\u00ed je v\u00fdpravou za hranice \u017eivota, ktor\u00fd v\u00e4\u010d\u0161inu z n\u00e1s vn\u00edma ako be\u017en\u00fd. Richard Rudd","og_url":"https:\/\/evabaluchova.com\/index.php\/produkt\/sedm-posvatnych-peceti\/","og_site_name":"Eva Baluchov\u00e1","article_publisher":"https:\/\/www.facebook.com\/coachevabaluchova","article_modified_time":"2025-12-05T19:45:02+00:00","og_image":[{"width":2000,"height":2000,"url":"https:\/\/evabaluchova.com\/wp-content\/uploads\/2022\/05\/SEDEM_POSV_PECATI_1.jpg","type":"image\/jpeg"}],"twitter_card":"summary_large_image","twitter_misc":{"Predpokladan\u00fd \u010das \u010d\u00edtania":"2 min\u00faty"},"schema":{"@context":"https:\/\/schema.org","@graph":[{"@type":"WebPage","@id":"https:\/\/evabaluchova.com\/index.php\/produkt\/sedm-posvatnych-peceti\/","url":"https:\/\/evabaluchova.com\/index.php\/produkt\/sedm-posvatnych-peceti\/","name":"Sedm posv\u00e1tn\u00fdch pe\u010det\u00ed - Eva Baluchov\u00e1","isPartOf":{"@id":"https:\/\/evabaluchova.com\/#website"},"primaryImageOfPage":{"@id":"https:\/\/evabaluchova.com\/index.php\/produkt\/sedm-posvatnych-peceti\/#primaryimage"},"image":{"@id":"https:\/\/evabaluchova.com\/index.php\/produkt\/sedm-posvatnych-peceti\/#primaryimage"},"thumbnailUrl":"https:\/\/evabaluchova.com\/wp-content\/uploads\/2022\/05\/SEDEM_POSV_PECATI_1.jpg","datePublished":"2022-11-07T15:57:19+00:00","dateModified":"2025-12-05T19:45:02+00:00","description":"Cesta do Siedmych posv\u00e4tn\u00fdch pe\u010dat\u00ed je v\u00fdpravou za hranice \u017eivota, ktor\u00fd v\u00e4\u010d\u0161inu z n\u00e1s vn\u00edma ako be\u017en\u00fd. Richard Rudd","breadcrumb":{"@id":"https:\/\/evabaluchova.com\/index.php\/produkt\/sedm-posvatnych-peceti\/#breadcrumb"},"inLanguage":"sk-SK","potentialAction":[{"@type":"ReadAction","target":["https:\/\/evabaluchova.com\/index.php\/produkt\/sedm-posvatnych-peceti\/"]}]},{"@type":"ImageObject","inLanguage":"sk-SK","@id":"https:\/\/evabaluchova.com\/index.php\/produkt\/sedm-posvatnych-peceti\/#primaryimage","url":"https:\/\/evabaluchova.com\/wp-content\/uploads\/2022\/05\/SEDEM_POSV_PECATI_1.jpg","contentUrl":"https:\/\/evabaluchova.com\/wp-content\/uploads\/2022\/05\/SEDEM_POSV_PECATI_1.jpg","width":2000,"height":2000},{"@type":"BreadcrumbList","@id":"https:\/\/evabaluchova.com\/index.php\/produkt\/sedm-posvatnych-peceti\/#breadcrumb","itemListElement":[{"@type":"ListItem","position":1,"name":"Home","item":"https:\/\/evabaluchova.com\/"},{"@type":"ListItem","position":2,"name":"Obchod","item":"https:\/\/evabaluchova.com\/index.php\/obchod\/"},{"@type":"ListItem","position":3,"name":"Sedm posv\u00e1tn\u00fdch pe\u010det\u00ed"}]},{"@type":"WebSite","@id":"https:\/\/evabaluchova.com\/#website","url":"https:\/\/evabaluchova.com\/","name":"Eva Baluchov\u00e1","description":"Zmena postoja - to je to naj\u00fa\u010dinnej\u0161ie \u010do m\u00f4\u017eete spravi\u0165.","publisher":{"@id":"https:\/\/evabaluchova.com\/#organization"},"potentialAction":[{"@type":"SearchAction","target":{"@type":"EntryPoint","urlTemplate":"https:\/\/evabaluchova.com\/?s={search_term_string}"},"query-input":"required name=search_term_string"}],"inLanguage":"sk-SK"},{"@type":"Organization","@id":"https:\/\/evabaluchova.com\/#organization","name":"Eva Baluchov\u00e1, s.r.o.","url":"https:\/\/evabaluchova.com\/","logo":{"@type":"ImageObject","inLanguage":"sk-SK","@id":"https:\/\/evabaluchova.com\/#\/schema\/logo\/image\/","url":"https:\/\/evabaluchova.com\/wp-content\/uploads\/2021\/07\/23-1.png","contentUrl":"https:\/\/evabaluchova.com\/wp-content\/uploads\/2021\/07\/23-1.png","width":940,"height":788,"caption":"Eva Baluchov\u00e1, s.r.o."},"image":{"@id":"https:\/\/evabaluchova.com\/#\/schema\/logo\/image\/"},"sameAs":["https:\/\/www.facebook.com\/coachevabaluchova"]}]}},"_links":{"self":[{"href":"https:\/\/evabaluchova.com\/index.php\/wp-json\/wp\/v2\/product\/1350"}],"collection":[{"href":"https:\/\/evabaluchova.com\/index.php\/wp-json\/wp\/v2\/product"}],"about":[{"href":"https:\/\/evabaluchova.com\/index.php\/wp-json\/wp\/v2\/types\/product"}],"replies":[{"embeddable":true,"href":"https:\/\/evabaluchova.com\/index.php\/wp-json\/wp\/v2\/comments?post=1350"}],"wp:featuredmedia":[{"embeddable":true,"href":"https:\/\/evabaluchova.com\/index.php\/wp-json\/wp\/v2\/media\/940"}],"wp:attachment":[{"href":"https:\/\/evabaluchova.com\/index.php\/wp-json\/wp\/v2\/media?parent=1350"}],"wp:term":[{"taxonomy":"product_cat","embeddable":true,"href":"https:\/\/evabaluchova.com\/index.php\/wp-json\/wp\/v2\/product_cat?post=1350"},{"taxonomy":"product_tag","embeddable":true,"href":"https:\/\/evabaluchova.com\/index.php\/wp-json\/wp\/v2\/product_tag?post=1350"}],"curies":[{"name":"wp","href":"https:\/\/api.w.org\/{rel}","templated":true}]}}