{"id":1570,"date":"2022-12-02T17:07:16","date_gmt":"2022-12-02T16:07:16","guid":{"rendered":"https:\/\/evabaluchova.com\/?post_type=product&#038;p=1570"},"modified":"2024-11-28T15:44:05","modified_gmt":"2024-11-28T14:44:05","slug":"darcekovy-poukaz-na-60-minutove-individualne-stretnutie","status":"publish","type":"product","link":"https:\/\/evabaluchova.com\/index.php\/produkt\/darcekovy-poukaz-na-60-minutove-individualne-stretnutie\/","title":{"rendered":"Dar\u010dekov\u00fd poukaz na 60 min\u00fatov\u00e9 individu\u00e1lne stretnutie"},"content":{"rendered":"<p>Podarova\u0165 slu\u017ebu m\u00f4\u017ee by\u0165 prekvapuj\u00face pre obe strany, pre darcu aj obdarovan\u00e9ho. Nie pre \u013eud\u00ed, ktor\u00ed si sami vyh\u013eadaj\u00fa sprievodcu aby sa vymotali zo situ\u00e1cie, z ktorej nevedia vyjs\u0165. Ani pre t\u00fdch, ktor\u00ed o tom u\u017e prem\u00fd\u0161\u013eali a ani pre t\u00fdch, ktor\u00ed slu\u017eby kou\u010da, ako sprievodcu v r\u00f4znych situ\u00e1ci\u00e1ch, u\u017e pou\u017eili. T\u00ed v\u0161etci vedia, ako vie dobr\u00fd kou\u010ding pom\u00f4c\u0165 v osobnom a profesnom \u017eivote.<\/p>\n<p>Vysk\u00fa\u0161ajte in\u00fa formu prejavenia podpory \u010dloveku, na ktorom v\u00e1m z\u00e1le\u017e\u00ed.<\/p>\n<p>Po\u010das individu\u00e1lneho stretnutia je priestor pozrie\u0165 sa na \u017eivotn\u00fa situ\u00e1ciu z nadh\u013eadu a vlastn\u00fdmi silami n\u00e1js\u0165 potrebn\u00e9 rie\u0161enie. Usporiada\u0165 my\u0161lienky a pripravi\u0165 si pl\u00e1n. Uk\u013eudni\u0165 sa a n\u00e1js\u0165 smer. Rozhodn\u00fa\u0165 sa.<\/p>\n<p>Forma m\u00f4\u017ee by\u0165 r\u00f4zna. Klasick\u00fd kou\u010ding na osobn\u00e9 \u010di pracovn\u00e9 t\u00e9my, kon\u0161tela\u010dn\u00fd poh\u013ead nielen na rodinu a aj na zamestnanie. V darovanom \u010dase m\u00f4\u017eeme spolu prejs\u0165 hologenetick\u00fd profil zo syst\u00e9mu G\u00e9nov\u00e9 k\u013e\u00fa\u010de.<\/p>\n<p>Poukaz je platn\u00fd do 23.12. 2025 a dostanete ho v elektronicke podobe na Vami uveden\u00fa e-mailov\u00fa adresu.<\/p>\n<p>Pracujeme aj 24.12. 2024. Posledn\u00e1 objedn\u00e1vka poukazu bude vybaven\u00e1 ak ju zrealizujete do 12,00. Ostatn\u00e9 sa zav\u00e4zujeme doru\u010di\u0165 28.12. 2024.<\/p>\n<p>Ak chcete \u010d\u00edta\u0165 \u010do v\u0161etko m\u00f4\u017ee obdarovan\u00fd s Dar\u010dekov\u00fdm poukazom robi\u0165, pozrite si dokument &#8211; VOP pre Dar\u010dekov\u00e9 poukazy.<\/p>\n<p>Ak m\u00e1te ot\u00e1zku, nena\u0161li ste variant pre seba, nap\u00ed\u0161te mi na adresu <a href=\"e&#118;&#x61;&#x40;e&#118;&#x61;&#x62;a&#108;&#x75;&#x63;h&#111;&#x76;&#x61;&#46;&#99;&#x6f;&#x6d;\">&#101;&#x76;a&#x40;e&#118;&#x61;&#98;&#x61;l&#117;&#x63;&#104;&#x6f;v&#x61;&#x2e;&#99;&#x6f;m<\/a>. Spolo\u010dne sk\u00fasime n\u00e1js\u0165 rie\u0161enie.<\/p>\n<span class=\"et_bloom_bottom_trigger\"><\/span>","protected":false},"excerpt":{"rendered":"<p>Podarova\u0165 slu\u017ebu m\u00f4\u017ee by\u0165 prekvapuj\u00face pre obe strany, pre darcu aj obdarovan\u00e9ho. Nie pre \u013eud\u00ed, ktor\u00ed si sami vyh\u013eadaj\u00fa sprievodcu aby sa vymotali zo situ\u00e1cie, z ktorej nevedia vyjs\u0165. Ani pre t\u00fdch, ktor\u00ed o tom u\u017e prem\u00fd\u0161\u013eali a ani pre t\u00fdch, ktor\u00ed slu\u017eby kou\u010da, ako sprievodcu v r\u00f4znych situ\u00e1ci\u00e1ch, u\u017e pou\u017eili. T\u00ed v\u0161etci vedia, ako [&hellip;]<\/p>\n","protected":false},"featured_media":1835,"comment_status":"open","ping_status":"closed","template":"","meta":{"_et_pb_use_builder":"off","_et_pb_old_content":"","_et_gb_content_width":"","content-type":"","_monsterinsights_skip_tracking":false,"_monsterinsights_sitenote_active":false,"_monsterinsights_sitenote_note":"","_monsterinsights_sitenote_category":0},"product_cat":[68],"product_tag":[],"yoast_head":"<!-- This site is optimized with the Yoast SEO plugin v22.6 - https:\/\/yoast.com\/wordpress\/plugins\/seo\/ -->\n<title>Dar\u010dekov\u00fd poukaz na 60 min\u00fatov\u00e9 individu\u00e1lne stretnutie - Eva Baluchov\u00e1<\/title>\n<meta name=\"description\" content=\"Vysk\u00fa\u0161ajte in\u00fa formu prejavenia l\u00e1sky \u010dloveku, na ktorom v\u00e1m z\u00e1le\u017e\u00ed. Podarujte stretnutie podporuj\u00face h\u013eadanie vlastn\u00fdch vn\u00fatorn\u00fdch zdrojov .\" \/>\n<meta name=\"robots\" content=\"index, follow, max-snippet:-1, max-image-preview:large, max-video-preview:-1\" \/>\n<link rel=\"canonical\" href=\"https:\/\/evabaluchova.com\/index.php\/produkt\/darcekovy-poukaz-na-60-minutove-individualne-stretnutie\/\" \/>\n<meta property=\"og:locale\" content=\"sk_SK\" \/>\n<meta property=\"og:type\" content=\"article\" \/>\n<meta property=\"og:title\" content=\"Dar\u010dekov\u00fd poukaz na 60 min\u00fatov\u00e9 individu\u00e1lne stretnutie - Eva Baluchov\u00e1\" \/>\n<meta property=\"og:description\" content=\"Vysk\u00fa\u0161ajte in\u00fa formu prejavenia l\u00e1sky \u010dloveku, na ktorom v\u00e1m z\u00e1le\u017e\u00ed. Podarujte stretnutie podporuj\u00face h\u013eadanie vlastn\u00fdch vn\u00fatorn\u00fdch zdrojov .\" \/>\n<meta property=\"og:url\" content=\"https:\/\/evabaluchova.com\/index.php\/produkt\/darcekovy-poukaz-na-60-minutove-individualne-stretnutie\/\" \/>\n<meta property=\"og:site_name\" content=\"Eva Baluchov\u00e1\" \/>\n<meta property=\"article:publisher\" content=\"https:\/\/www.facebook.com\/coachevabaluchova\" \/>\n<meta property=\"article:modified_time\" content=\"2024-11-28T14:44:05+00:00\" \/>\n<meta property=\"og:image\" content=\"https:\/\/evabaluchova.com\/wp-content\/uploads\/2022\/12\/1-3.jpg\" \/>\n\t<meta property=\"og:image:width\" content=\"1748\" \/>\n\t<meta property=\"og:image:height\" content=\"1240\" \/>\n\t<meta property=\"og:image:type\" content=\"image\/jpeg\" \/>\n<meta name=\"twitter:card\" content=\"summary_large_image\" \/>\n<meta name=\"twitter:label1\" content=\"Predpokladan\u00fd \u010das \u010d\u00edtania\" \/>\n\t<meta name=\"twitter:data1\" content=\"2 min\u00faty\" \/>\n<script type=\"application\/ld+json\" class=\"yoast-schema-graph\">{\"@context\":\"https:\/\/schema.org\",\"@graph\":[{\"@type\":\"WebPage\",\"@id\":\"https:\/\/evabaluchova.com\/index.php\/produkt\/darcekovy-poukaz-na-60-minutove-individualne-stretnutie\/\",\"url\":\"https:\/\/evabaluchova.com\/index.php\/produkt\/darcekovy-poukaz-na-60-minutove-individualne-stretnutie\/\",\"name\":\"Dar\u010dekov\u00fd poukaz na 60 min\u00fatov\u00e9 individu\u00e1lne stretnutie - Eva Baluchov\u00e1\",\"isPartOf\":{\"@id\":\"https:\/\/evabaluchova.com\/#website\"},\"primaryImageOfPage\":{\"@id\":\"https:\/\/evabaluchova.com\/index.php\/produkt\/darcekovy-poukaz-na-60-minutove-individualne-stretnutie\/#primaryimage\"},\"image\":{\"@id\":\"https:\/\/evabaluchova.com\/index.php\/produkt\/darcekovy-poukaz-na-60-minutove-individualne-stretnutie\/#primaryimage\"},\"thumbnailUrl\":\"https:\/\/evabaluchova.com\/wp-content\/uploads\/2022\/12\/1-3.jpg\",\"datePublished\":\"2022-12-02T16:07:16+00:00\",\"dateModified\":\"2024-11-28T14:44:05+00:00\",\"description\":\"Vysk\u00fa\u0161ajte in\u00fa formu prejavenia l\u00e1sky \u010dloveku, na ktorom v\u00e1m z\u00e1le\u017e\u00ed. Podarujte stretnutie podporuj\u00face h\u013eadanie vlastn\u00fdch vn\u00fatorn\u00fdch zdrojov .\",\"breadcrumb\":{\"@id\":\"https:\/\/evabaluchova.com\/index.php\/produkt\/darcekovy-poukaz-na-60-minutove-individualne-stretnutie\/#breadcrumb\"},\"inLanguage\":\"sk-SK\",\"potentialAction\":[{\"@type\":\"ReadAction\",\"target\":[\"https:\/\/evabaluchova.com\/index.php\/produkt\/darcekovy-poukaz-na-60-minutove-individualne-stretnutie\/\"]}]},{\"@type\":\"ImageObject\",\"inLanguage\":\"sk-SK\",\"@id\":\"https:\/\/evabaluchova.com\/index.php\/produkt\/darcekovy-poukaz-na-60-minutove-individualne-stretnutie\/#primaryimage\",\"url\":\"https:\/\/evabaluchova.com\/wp-content\/uploads\/2022\/12\/1-3.jpg\",\"contentUrl\":\"https:\/\/evabaluchova.com\/wp-content\/uploads\/2022\/12\/1-3.jpg\",\"width\":1748,\"height\":1240,\"caption\":\"Dar\u010dekov\u00e1 pouk\u00e1\u017eka na individu\u00e1lne sedenie v hodnote 60\u20ac\"},{\"@type\":\"BreadcrumbList\",\"@id\":\"https:\/\/evabaluchova.com\/index.php\/produkt\/darcekovy-poukaz-na-60-minutove-individualne-stretnutie\/#breadcrumb\",\"itemListElement\":[{\"@type\":\"ListItem\",\"position\":1,\"name\":\"Home\",\"item\":\"https:\/\/evabaluchova.com\/\"},{\"@type\":\"ListItem\",\"position\":2,\"name\":\"Obchod\",\"item\":\"https:\/\/evabaluchova.com\/index.php\/obchod\/\"},{\"@type\":\"ListItem\",\"position\":3,\"name\":\"Dar\u010dekov\u00fd poukaz na 60 min\u00fatov\u00e9 individu\u00e1lne stretnutie\"}]},{\"@type\":\"WebSite\",\"@id\":\"https:\/\/evabaluchova.com\/#website\",\"url\":\"https:\/\/evabaluchova.com\/\",\"name\":\"Eva Baluchov\u00e1\",\"description\":\"Zmena postoja - to je to naj\u00fa\u010dinnej\u0161ie \u010do m\u00f4\u017eete spravi\u0165.\",\"publisher\":{\"@id\":\"https:\/\/evabaluchova.com\/#organization\"},\"potentialAction\":[{\"@type\":\"SearchAction\",\"target\":{\"@type\":\"EntryPoint\",\"urlTemplate\":\"https:\/\/evabaluchova.com\/?s={search_term_string}\"},\"query-input\":\"required name=search_term_string\"}],\"inLanguage\":\"sk-SK\"},{\"@type\":\"Organization\",\"@id\":\"https:\/\/evabaluchova.com\/#organization\",\"name\":\"Eva Baluchov\u00e1, s.r.o.\",\"url\":\"https:\/\/evabaluchova.com\/\",\"logo\":{\"@type\":\"ImageObject\",\"inLanguage\":\"sk-SK\",\"@id\":\"https:\/\/evabaluchova.com\/#\/schema\/logo\/image\/\",\"url\":\"https:\/\/evabaluchova.com\/wp-content\/uploads\/2021\/07\/23-1.png\",\"contentUrl\":\"https:\/\/evabaluchova.com\/wp-content\/uploads\/2021\/07\/23-1.png\",\"width\":940,\"height\":788,\"caption\":\"Eva Baluchov\u00e1, s.r.o.\"},\"image\":{\"@id\":\"https:\/\/evabaluchova.com\/#\/schema\/logo\/image\/\"},\"sameAs\":[\"https:\/\/www.facebook.com\/coachevabaluchova\"]}]}<\/script>\n<!-- \/ Yoast SEO plugin. -->","yoast_head_json":{"title":"Dar\u010dekov\u00fd poukaz na 60 min\u00fatov\u00e9 individu\u00e1lne stretnutie - Eva Baluchov\u00e1","description":"Vysk\u00fa\u0161ajte in\u00fa formu prejavenia l\u00e1sky \u010dloveku, na ktorom v\u00e1m z\u00e1le\u017e\u00ed. Podarujte stretnutie podporuj\u00face h\u013eadanie vlastn\u00fdch vn\u00fatorn\u00fdch zdrojov .","robots":{"index":"index","follow":"follow","max-snippet":"max-snippet:-1","max-image-preview":"max-image-preview:large","max-video-preview":"max-video-preview:-1"},"canonical":"https:\/\/evabaluchova.com\/index.php\/produkt\/darcekovy-poukaz-na-60-minutove-individualne-stretnutie\/","og_locale":"sk_SK","og_type":"article","og_title":"Dar\u010dekov\u00fd poukaz na 60 min\u00fatov\u00e9 individu\u00e1lne stretnutie - Eva Baluchov\u00e1","og_description":"Vysk\u00fa\u0161ajte in\u00fa formu prejavenia l\u00e1sky \u010dloveku, na ktorom v\u00e1m z\u00e1le\u017e\u00ed. Podarujte stretnutie podporuj\u00face h\u013eadanie vlastn\u00fdch vn\u00fatorn\u00fdch zdrojov .","og_url":"https:\/\/evabaluchova.com\/index.php\/produkt\/darcekovy-poukaz-na-60-minutove-individualne-stretnutie\/","og_site_name":"Eva Baluchov\u00e1","article_publisher":"https:\/\/www.facebook.com\/coachevabaluchova","article_modified_time":"2024-11-28T14:44:05+00:00","og_image":[{"width":1748,"height":1240,"url":"https:\/\/evabaluchova.com\/wp-content\/uploads\/2022\/12\/1-3.jpg","type":"image\/jpeg"}],"twitter_card":"summary_large_image","twitter_misc":{"Predpokladan\u00fd \u010das \u010d\u00edtania":"2 min\u00faty"},"schema":{"@context":"https:\/\/schema.org","@graph":[{"@type":"WebPage","@id":"https:\/\/evabaluchova.com\/index.php\/produkt\/darcekovy-poukaz-na-60-minutove-individualne-stretnutie\/","url":"https:\/\/evabaluchova.com\/index.php\/produkt\/darcekovy-poukaz-na-60-minutove-individualne-stretnutie\/","name":"Dar\u010dekov\u00fd poukaz na 60 min\u00fatov\u00e9 individu\u00e1lne stretnutie - Eva Baluchov\u00e1","isPartOf":{"@id":"https:\/\/evabaluchova.com\/#website"},"primaryImageOfPage":{"@id":"https:\/\/evabaluchova.com\/index.php\/produkt\/darcekovy-poukaz-na-60-minutove-individualne-stretnutie\/#primaryimage"},"image":{"@id":"https:\/\/evabaluchova.com\/index.php\/produkt\/darcekovy-poukaz-na-60-minutove-individualne-stretnutie\/#primaryimage"},"thumbnailUrl":"https:\/\/evabaluchova.com\/wp-content\/uploads\/2022\/12\/1-3.jpg","datePublished":"2022-12-02T16:07:16+00:00","dateModified":"2024-11-28T14:44:05+00:00","description":"Vysk\u00fa\u0161ajte in\u00fa formu prejavenia l\u00e1sky \u010dloveku, na ktorom v\u00e1m z\u00e1le\u017e\u00ed. Podarujte stretnutie podporuj\u00face h\u013eadanie vlastn\u00fdch vn\u00fatorn\u00fdch zdrojov .","breadcrumb":{"@id":"https:\/\/evabaluchova.com\/index.php\/produkt\/darcekovy-poukaz-na-60-minutove-individualne-stretnutie\/#breadcrumb"},"inLanguage":"sk-SK","potentialAction":[{"@type":"ReadAction","target":["https:\/\/evabaluchova.com\/index.php\/produkt\/darcekovy-poukaz-na-60-minutove-individualne-stretnutie\/"]}]},{"@type":"ImageObject","inLanguage":"sk-SK","@id":"https:\/\/evabaluchova.com\/index.php\/produkt\/darcekovy-poukaz-na-60-minutove-individualne-stretnutie\/#primaryimage","url":"https:\/\/evabaluchova.com\/wp-content\/uploads\/2022\/12\/1-3.jpg","contentUrl":"https:\/\/evabaluchova.com\/wp-content\/uploads\/2022\/12\/1-3.jpg","width":1748,"height":1240,"caption":"Dar\u010dekov\u00e1 pouk\u00e1\u017eka na individu\u00e1lne sedenie v hodnote 60\u20ac"},{"@type":"BreadcrumbList","@id":"https:\/\/evabaluchova.com\/index.php\/produkt\/darcekovy-poukaz-na-60-minutove-individualne-stretnutie\/#breadcrumb","itemListElement":[{"@type":"ListItem","position":1,"name":"Home","item":"https:\/\/evabaluchova.com\/"},{"@type":"ListItem","position":2,"name":"Obchod","item":"https:\/\/evabaluchova.com\/index.php\/obchod\/"},{"@type":"ListItem","position":3,"name":"Dar\u010dekov\u00fd poukaz na 60 min\u00fatov\u00e9 individu\u00e1lne stretnutie"}]},{"@type":"WebSite","@id":"https:\/\/evabaluchova.com\/#website","url":"https:\/\/evabaluchova.com\/","name":"Eva Baluchov\u00e1","description":"Zmena postoja - to je to naj\u00fa\u010dinnej\u0161ie \u010do m\u00f4\u017eete spravi\u0165.","publisher":{"@id":"https:\/\/evabaluchova.com\/#organization"},"potentialAction":[{"@type":"SearchAction","target":{"@type":"EntryPoint","urlTemplate":"https:\/\/evabaluchova.com\/?s={search_term_string}"},"query-input":"required name=search_term_string"}],"inLanguage":"sk-SK"},{"@type":"Organization","@id":"https:\/\/evabaluchova.com\/#organization","name":"Eva Baluchov\u00e1, s.r.o.","url":"https:\/\/evabaluchova.com\/","logo":{"@type":"ImageObject","inLanguage":"sk-SK","@id":"https:\/\/evabaluchova.com\/#\/schema\/logo\/image\/","url":"https:\/\/evabaluchova.com\/wp-content\/uploads\/2021\/07\/23-1.png","contentUrl":"https:\/\/evabaluchova.com\/wp-content\/uploads\/2021\/07\/23-1.png","width":940,"height":788,"caption":"Eva Baluchov\u00e1, s.r.o."},"image":{"@id":"https:\/\/evabaluchova.com\/#\/schema\/logo\/image\/"},"sameAs":["https:\/\/www.facebook.com\/coachevabaluchova"]}]}},"_links":{"self":[{"href":"https:\/\/evabaluchova.com\/index.php\/wp-json\/wp\/v2\/product\/1570"}],"collection":[{"href":"https:\/\/evabaluchova.com\/index.php\/wp-json\/wp\/v2\/product"}],"about":[{"href":"https:\/\/evabaluchova.com\/index.php\/wp-json\/wp\/v2\/types\/product"}],"replies":[{"embeddable":true,"href":"https:\/\/evabaluchova.com\/index.php\/wp-json\/wp\/v2\/comments?post=1570"}],"wp:featuredmedia":[{"embeddable":true,"href":"https:\/\/evabaluchova.com\/index.php\/wp-json\/wp\/v2\/media\/1835"}],"wp:attachment":[{"href":"https:\/\/evabaluchova.com\/index.php\/wp-json\/wp\/v2\/media?parent=1570"}],"wp:term":[{"taxonomy":"product_cat","embeddable":true,"href":"https:\/\/evabaluchova.com\/index.php\/wp-json\/wp\/v2\/product_cat?post=1570"},{"taxonomy":"product_tag","embeddable":true,"href":"https:\/\/evabaluchova.com\/index.php\/wp-json\/wp\/v2\/product_tag?post=1570"}],"curies":[{"name":"wp","href":"https:\/\/api.w.org\/{rel}","templated":true}]}}