{"id":1585,"date":"2022-12-02T18:12:59","date_gmt":"2022-12-02T17:12:59","guid":{"rendered":"https:\/\/evabaluchova.com\/?post_type=product&#038;p=1585"},"modified":"2025-06-04T07:12:11","modified_gmt":"2025-06-04T05:12:11","slug":"darcekovy-poukaz-na-nakup-literatury-4","status":"publish","type":"product","link":"https:\/\/evabaluchova.com\/index.php\/produkt\/darcekovy-poukaz-na-nakup-literatury-4\/","title":{"rendered":"Dar\u010dekov\u00fd poukaz na n\u00e1kup literat\u00fary"},"content":{"rendered":"<p>Podarujte mo\u017enos\u0165 v\u00fdberu. Za vami zaplaten\u00fa \u010diastku si obdarovan\u00fd m\u00f4\u017ee vybra\u0165 z pon\u00fakanej literat\u00fary.<\/p>\n<div class=\"woocommerce-product-details__short-description\"><\/div>\n<p>Poukaz je platn\u00fd do 23.12. 2025 a dostanete ho v elektronicke podobe na Vami uveden\u00fa e-mailov\u00fa adresu.<\/p>\n<p>Pracujeme aj 24.12. 2024. Posledn\u00e1 objedn\u00e1vka poukazu bude vybaven\u00e1 ak ju zrealizujete do 12,00. Ostatn\u00e9 sa zav\u00e4zujeme doru\u010di\u0165 28.12. 2024.<\/p>\n<p>Ak chcete \u010d\u00edta\u0165 \u010do v\u0161etko m\u00f4\u017ee obdarovan\u00fd s Dar\u010dekov\u00fdm poukazom robi\u0165, pozrite si dokument \u2013 VOP pre Dar\u010dekov\u00e9 poukazy.<\/p>\n<p>Ak m\u00e1te ot\u00e1zku, nena\u0161li ste variant pre seba, nap\u00ed\u0161te mi na <a href=\"&#x65;&#118;a&#x40;&#101;v&#x61;&#x62;&#97;&#x6c;&#x75;&#99;h&#x6f;&#118;a&#x2e;&#x63;&#111;&#x6d;\">&#101;&#x76;&#x61;&#64;&#x65;&#x76;a&#x62;&#x61;l&#117;&#x63;h&#111;&#x76;a&#46;&#x63;o&#109;<\/a>. Spolo\u010dne sk\u00fasime n\u00e1js\u0165 rie\u0161enie.<\/p>\n<span class=\"et_bloom_bottom_trigger\"><\/span>","protected":false},"excerpt":{"rendered":"<p>Podarujte mo\u017enos\u0165 v\u00fdberu. Za vami zaplaten\u00fa \u010diastku si obdarovan\u00fd m\u00f4\u017ee vybra\u0165 z pon\u00fakanej literat\u00fary. Poukaz je platn\u00fd do 23.12. 2025 a dostanete ho v elektronicke podobe na Vami uveden\u00fa e-mailov\u00fa adresu. Pracujeme aj 24.12. 2024. Posledn\u00e1 objedn\u00e1vka poukazu bude vybaven\u00e1 ak ju zrealizujete do 12,00. Ostatn\u00e9 sa zav\u00e4zujeme doru\u010di\u0165 28.12. 2024. Ak chcete \u010d\u00edta\u0165 \u010do [&hellip;]<\/p>\n","protected":false},"featured_media":1837,"comment_status":"open","ping_status":"closed","template":"","meta":{"_et_pb_use_builder":"","_et_pb_old_content":"","_et_gb_content_width":"","content-type":"","_monsterinsights_skip_tracking":false,"_monsterinsights_sitenote_active":false,"_monsterinsights_sitenote_note":"","_monsterinsights_sitenote_category":0},"product_cat":[68],"product_tag":[],"yoast_head":"<!-- This site is optimized with the Yoast SEO plugin v22.6 - https:\/\/yoast.com\/wordpress\/plugins\/seo\/ -->\n<title>Dar\u010dekov\u00fd poukaz na n\u00e1kup literat\u00fary - Eva Baluchov\u00e1<\/title>\n<meta name=\"description\" content=\"Obdarova\u0165 pouk\u00e1\u017ekou d\u00e1va obdarovan\u00e9mu mo\u017enos\u0165 v\u00fdberu a urob\u00ed rovnak\u00fa rados\u0165 ako konkr\u00e9tny dar. Darujte mo\u017enos\u0165 v\u00fdberu a dajte najavo, \u017ee je vo Va\u0161om srdci.\" \/>\n<meta name=\"robots\" content=\"index, follow, max-snippet:-1, max-image-preview:large, max-video-preview:-1\" \/>\n<link rel=\"canonical\" href=\"https:\/\/evabaluchova.com\/index.php\/produkt\/darcekovy-poukaz-na-nakup-literatury-4\/\" \/>\n<meta property=\"og:locale\" content=\"sk_SK\" \/>\n<meta property=\"og:type\" content=\"article\" \/>\n<meta property=\"og:title\" content=\"Dar\u010dekov\u00fd poukaz na n\u00e1kup literat\u00fary - Eva Baluchov\u00e1\" \/>\n<meta property=\"og:description\" content=\"Obdarova\u0165 pouk\u00e1\u017ekou d\u00e1va obdarovan\u00e9mu mo\u017enos\u0165 v\u00fdberu a urob\u00ed rovnak\u00fa rados\u0165 ako konkr\u00e9tny dar. Darujte mo\u017enos\u0165 v\u00fdberu a dajte najavo, \u017ee je vo Va\u0161om srdci.\" \/>\n<meta property=\"og:url\" content=\"https:\/\/evabaluchova.com\/index.php\/produkt\/darcekovy-poukaz-na-nakup-literatury-4\/\" \/>\n<meta property=\"og:site_name\" content=\"Eva Baluchov\u00e1\" \/>\n<meta property=\"article:publisher\" content=\"https:\/\/www.facebook.com\/coachevabaluchova\" \/>\n<meta property=\"article:modified_time\" content=\"2025-06-04T05:12:11+00:00\" \/>\n<meta property=\"og:image\" content=\"https:\/\/evabaluchova.com\/wp-content\/uploads\/2022\/12\/3-4.jpg\" \/>\n\t<meta property=\"og:image:width\" content=\"1748\" \/>\n\t<meta property=\"og:image:height\" content=\"1240\" \/>\n\t<meta property=\"og:image:type\" content=\"image\/jpeg\" \/>\n<meta name=\"twitter:card\" content=\"summary_large_image\" \/>\n<meta name=\"twitter:label1\" content=\"Predpokladan\u00fd \u010das \u010d\u00edtania\" \/>\n\t<meta name=\"twitter:data1\" content=\"1 min\u00fata\" \/>\n<script type=\"application\/ld+json\" class=\"yoast-schema-graph\">{\"@context\":\"https:\/\/schema.org\",\"@graph\":[{\"@type\":\"WebPage\",\"@id\":\"https:\/\/evabaluchova.com\/index.php\/produkt\/darcekovy-poukaz-na-nakup-literatury-4\/\",\"url\":\"https:\/\/evabaluchova.com\/index.php\/produkt\/darcekovy-poukaz-na-nakup-literatury-4\/\",\"name\":\"Dar\u010dekov\u00fd poukaz na n\u00e1kup literat\u00fary - Eva Baluchov\u00e1\",\"isPartOf\":{\"@id\":\"https:\/\/evabaluchova.com\/#website\"},\"primaryImageOfPage\":{\"@id\":\"https:\/\/evabaluchova.com\/index.php\/produkt\/darcekovy-poukaz-na-nakup-literatury-4\/#primaryimage\"},\"image\":{\"@id\":\"https:\/\/evabaluchova.com\/index.php\/produkt\/darcekovy-poukaz-na-nakup-literatury-4\/#primaryimage\"},\"thumbnailUrl\":\"https:\/\/evabaluchova.com\/wp-content\/uploads\/2022\/12\/3-4.jpg\",\"datePublished\":\"2022-12-02T17:12:59+00:00\",\"dateModified\":\"2025-06-04T05:12:11+00:00\",\"description\":\"Obdarova\u0165 pouk\u00e1\u017ekou d\u00e1va obdarovan\u00e9mu mo\u017enos\u0165 v\u00fdberu a urob\u00ed rovnak\u00fa rados\u0165 ako konkr\u00e9tny dar. Darujte mo\u017enos\u0165 v\u00fdberu a dajte najavo, \u017ee je vo Va\u0161om srdci.\",\"breadcrumb\":{\"@id\":\"https:\/\/evabaluchova.com\/index.php\/produkt\/darcekovy-poukaz-na-nakup-literatury-4\/#breadcrumb\"},\"inLanguage\":\"sk-SK\",\"potentialAction\":[{\"@type\":\"ReadAction\",\"target\":[\"https:\/\/evabaluchova.com\/index.php\/produkt\/darcekovy-poukaz-na-nakup-literatury-4\/\"]}]},{\"@type\":\"ImageObject\",\"inLanguage\":\"sk-SK\",\"@id\":\"https:\/\/evabaluchova.com\/index.php\/produkt\/darcekovy-poukaz-na-nakup-literatury-4\/#primaryimage\",\"url\":\"https:\/\/evabaluchova.com\/wp-content\/uploads\/2022\/12\/3-4.jpg\",\"contentUrl\":\"https:\/\/evabaluchova.com\/wp-content\/uploads\/2022\/12\/3-4.jpg\",\"width\":1748,\"height\":1240,\"caption\":\"Dar\u010dekov\u00e1 pouk\u00e1\u017eka na n\u00e1kup literat\u00fary\"},{\"@type\":\"BreadcrumbList\",\"@id\":\"https:\/\/evabaluchova.com\/index.php\/produkt\/darcekovy-poukaz-na-nakup-literatury-4\/#breadcrumb\",\"itemListElement\":[{\"@type\":\"ListItem\",\"position\":1,\"name\":\"Home\",\"item\":\"https:\/\/evabaluchova.com\/\"},{\"@type\":\"ListItem\",\"position\":2,\"name\":\"Obchod\",\"item\":\"https:\/\/evabaluchova.com\/index.php\/obchod\/\"},{\"@type\":\"ListItem\",\"position\":3,\"name\":\"Dar\u010dekov\u00fd poukaz na n\u00e1kup literat\u00fary\"}]},{\"@type\":\"WebSite\",\"@id\":\"https:\/\/evabaluchova.com\/#website\",\"url\":\"https:\/\/evabaluchova.com\/\",\"name\":\"Eva Baluchov\u00e1\",\"description\":\"Zmena postoja - to je to naj\u00fa\u010dinnej\u0161ie \u010do m\u00f4\u017eete spravi\u0165.\",\"publisher\":{\"@id\":\"https:\/\/evabaluchova.com\/#organization\"},\"potentialAction\":[{\"@type\":\"SearchAction\",\"target\":{\"@type\":\"EntryPoint\",\"urlTemplate\":\"https:\/\/evabaluchova.com\/?s={search_term_string}\"},\"query-input\":\"required name=search_term_string\"}],\"inLanguage\":\"sk-SK\"},{\"@type\":\"Organization\",\"@id\":\"https:\/\/evabaluchova.com\/#organization\",\"name\":\"Eva Baluchov\u00e1, s.r.o.\",\"url\":\"https:\/\/evabaluchova.com\/\",\"logo\":{\"@type\":\"ImageObject\",\"inLanguage\":\"sk-SK\",\"@id\":\"https:\/\/evabaluchova.com\/#\/schema\/logo\/image\/\",\"url\":\"https:\/\/evabaluchova.com\/wp-content\/uploads\/2021\/07\/23-1.png\",\"contentUrl\":\"https:\/\/evabaluchova.com\/wp-content\/uploads\/2021\/07\/23-1.png\",\"width\":940,\"height\":788,\"caption\":\"Eva Baluchov\u00e1, s.r.o.\"},\"image\":{\"@id\":\"https:\/\/evabaluchova.com\/#\/schema\/logo\/image\/\"},\"sameAs\":[\"https:\/\/www.facebook.com\/coachevabaluchova\"]}]}<\/script>\n<!-- \/ Yoast SEO plugin. -->","yoast_head_json":{"title":"Dar\u010dekov\u00fd poukaz na n\u00e1kup literat\u00fary - Eva Baluchov\u00e1","description":"Obdarova\u0165 pouk\u00e1\u017ekou d\u00e1va obdarovan\u00e9mu mo\u017enos\u0165 v\u00fdberu a urob\u00ed rovnak\u00fa rados\u0165 ako konkr\u00e9tny dar. Darujte mo\u017enos\u0165 v\u00fdberu a dajte najavo, \u017ee je vo Va\u0161om srdci.","robots":{"index":"index","follow":"follow","max-snippet":"max-snippet:-1","max-image-preview":"max-image-preview:large","max-video-preview":"max-video-preview:-1"},"canonical":"https:\/\/evabaluchova.com\/index.php\/produkt\/darcekovy-poukaz-na-nakup-literatury-4\/","og_locale":"sk_SK","og_type":"article","og_title":"Dar\u010dekov\u00fd poukaz na n\u00e1kup literat\u00fary - Eva Baluchov\u00e1","og_description":"Obdarova\u0165 pouk\u00e1\u017ekou d\u00e1va obdarovan\u00e9mu mo\u017enos\u0165 v\u00fdberu a urob\u00ed rovnak\u00fa rados\u0165 ako konkr\u00e9tny dar. Darujte mo\u017enos\u0165 v\u00fdberu a dajte najavo, \u017ee je vo Va\u0161om srdci.","og_url":"https:\/\/evabaluchova.com\/index.php\/produkt\/darcekovy-poukaz-na-nakup-literatury-4\/","og_site_name":"Eva Baluchov\u00e1","article_publisher":"https:\/\/www.facebook.com\/coachevabaluchova","article_modified_time":"2025-06-04T05:12:11+00:00","og_image":[{"width":1748,"height":1240,"url":"https:\/\/evabaluchova.com\/wp-content\/uploads\/2022\/12\/3-4.jpg","type":"image\/jpeg"}],"twitter_card":"summary_large_image","twitter_misc":{"Predpokladan\u00fd \u010das \u010d\u00edtania":"1 min\u00fata"},"schema":{"@context":"https:\/\/schema.org","@graph":[{"@type":"WebPage","@id":"https:\/\/evabaluchova.com\/index.php\/produkt\/darcekovy-poukaz-na-nakup-literatury-4\/","url":"https:\/\/evabaluchova.com\/index.php\/produkt\/darcekovy-poukaz-na-nakup-literatury-4\/","name":"Dar\u010dekov\u00fd poukaz na n\u00e1kup literat\u00fary - Eva Baluchov\u00e1","isPartOf":{"@id":"https:\/\/evabaluchova.com\/#website"},"primaryImageOfPage":{"@id":"https:\/\/evabaluchova.com\/index.php\/produkt\/darcekovy-poukaz-na-nakup-literatury-4\/#primaryimage"},"image":{"@id":"https:\/\/evabaluchova.com\/index.php\/produkt\/darcekovy-poukaz-na-nakup-literatury-4\/#primaryimage"},"thumbnailUrl":"https:\/\/evabaluchova.com\/wp-content\/uploads\/2022\/12\/3-4.jpg","datePublished":"2022-12-02T17:12:59+00:00","dateModified":"2025-06-04T05:12:11+00:00","description":"Obdarova\u0165 pouk\u00e1\u017ekou d\u00e1va obdarovan\u00e9mu mo\u017enos\u0165 v\u00fdberu a urob\u00ed rovnak\u00fa rados\u0165 ako konkr\u00e9tny dar. Darujte mo\u017enos\u0165 v\u00fdberu a dajte najavo, \u017ee je vo Va\u0161om srdci.","breadcrumb":{"@id":"https:\/\/evabaluchova.com\/index.php\/produkt\/darcekovy-poukaz-na-nakup-literatury-4\/#breadcrumb"},"inLanguage":"sk-SK","potentialAction":[{"@type":"ReadAction","target":["https:\/\/evabaluchova.com\/index.php\/produkt\/darcekovy-poukaz-na-nakup-literatury-4\/"]}]},{"@type":"ImageObject","inLanguage":"sk-SK","@id":"https:\/\/evabaluchova.com\/index.php\/produkt\/darcekovy-poukaz-na-nakup-literatury-4\/#primaryimage","url":"https:\/\/evabaluchova.com\/wp-content\/uploads\/2022\/12\/3-4.jpg","contentUrl":"https:\/\/evabaluchova.com\/wp-content\/uploads\/2022\/12\/3-4.jpg","width":1748,"height":1240,"caption":"Dar\u010dekov\u00e1 pouk\u00e1\u017eka na n\u00e1kup literat\u00fary"},{"@type":"BreadcrumbList","@id":"https:\/\/evabaluchova.com\/index.php\/produkt\/darcekovy-poukaz-na-nakup-literatury-4\/#breadcrumb","itemListElement":[{"@type":"ListItem","position":1,"name":"Home","item":"https:\/\/evabaluchova.com\/"},{"@type":"ListItem","position":2,"name":"Obchod","item":"https:\/\/evabaluchova.com\/index.php\/obchod\/"},{"@type":"ListItem","position":3,"name":"Dar\u010dekov\u00fd poukaz na n\u00e1kup literat\u00fary"}]},{"@type":"WebSite","@id":"https:\/\/evabaluchova.com\/#website","url":"https:\/\/evabaluchova.com\/","name":"Eva Baluchov\u00e1","description":"Zmena postoja - to je to naj\u00fa\u010dinnej\u0161ie \u010do m\u00f4\u017eete spravi\u0165.","publisher":{"@id":"https:\/\/evabaluchova.com\/#organization"},"potentialAction":[{"@type":"SearchAction","target":{"@type":"EntryPoint","urlTemplate":"https:\/\/evabaluchova.com\/?s={search_term_string}"},"query-input":"required name=search_term_string"}],"inLanguage":"sk-SK"},{"@type":"Organization","@id":"https:\/\/evabaluchova.com\/#organization","name":"Eva Baluchov\u00e1, s.r.o.","url":"https:\/\/evabaluchova.com\/","logo":{"@type":"ImageObject","inLanguage":"sk-SK","@id":"https:\/\/evabaluchova.com\/#\/schema\/logo\/image\/","url":"https:\/\/evabaluchova.com\/wp-content\/uploads\/2021\/07\/23-1.png","contentUrl":"https:\/\/evabaluchova.com\/wp-content\/uploads\/2021\/07\/23-1.png","width":940,"height":788,"caption":"Eva Baluchov\u00e1, s.r.o."},"image":{"@id":"https:\/\/evabaluchova.com\/#\/schema\/logo\/image\/"},"sameAs":["https:\/\/www.facebook.com\/coachevabaluchova"]}]}},"_links":{"self":[{"href":"https:\/\/evabaluchova.com\/index.php\/wp-json\/wp\/v2\/product\/1585"}],"collection":[{"href":"https:\/\/evabaluchova.com\/index.php\/wp-json\/wp\/v2\/product"}],"about":[{"href":"https:\/\/evabaluchova.com\/index.php\/wp-json\/wp\/v2\/types\/product"}],"replies":[{"embeddable":true,"href":"https:\/\/evabaluchova.com\/index.php\/wp-json\/wp\/v2\/comments?post=1585"}],"wp:featuredmedia":[{"embeddable":true,"href":"https:\/\/evabaluchova.com\/index.php\/wp-json\/wp\/v2\/media\/1837"}],"wp:attachment":[{"href":"https:\/\/evabaluchova.com\/index.php\/wp-json\/wp\/v2\/media?parent=1585"}],"wp:term":[{"taxonomy":"product_cat","embeddable":true,"href":"https:\/\/evabaluchova.com\/index.php\/wp-json\/wp\/v2\/product_cat?post=1585"},{"taxonomy":"product_tag","embeddable":true,"href":"https:\/\/evabaluchova.com\/index.php\/wp-json\/wp\/v2\/product_tag?post=1585"}],"curies":[{"name":"wp","href":"https:\/\/api.w.org\/{rel}","templated":true}]}}