{"id":1851,"date":"2025-07-13T12:18:10","date_gmt":"2025-07-13T10:18:10","guid":{"rendered":"https:\/\/evabaluchova.com\/?post_type=product&#038;p=1851"},"modified":"2025-07-13T12:19:04","modified_gmt":"2025-07-13T10:19:04","slug":"systemicke-zivotne-konstelacie-a-lip-v-sare-vinosady-09-11-2025-kopia","status":"publish","type":"product","link":"https:\/\/evabaluchova.com\/index.php\/produkt\/systemicke-zivotne-konstelacie-a-lip-v-sare-vinosady-09-11-2025-kopia\/","title":{"rendered":"Systemick\u00e9 \u017eivotn\u00e9 kon\u0161tel\u00e1cie a LIP v SARE VINOSADY 09. 11. 2025"},"content":{"rendered":"<div class=\"xdj266r x11i5rnm xat24cr x1mh8g0r x1vvkbs\">\n<div class=\"xdj266r x11i5rnm xat24cr x1mh8g0r x1vvkbs\">Mil\u00ed priatelia SARY,<br \/>\npoz\u00fdvame v\u00e1s na systemick\u00e9 kon\u0161tel\u00e1cie a LIP s Evou Baluchovou.<\/div>\n<div class=\"x11i5rnm xat24cr x1mh8g0r x1vvkbs xtlvy1s\"><\/div>\n<div class=\"x11i5rnm xat24cr x1mh8g0r x1vvkbs xtlvy1s\">Vo svojom \u017eivote sa ocit\u00e1me v situ\u00e1ci\u00e1ch, kedy sa c\u00edtime komfortne. Sme pln\u00ed el\u00e1nu, energie, radosti, milujeme cel\u00fd svet.<br \/>\nMomenty, v ktor\u00fdch nem\u00e1me na\u0161e spr\u00e1vanie pod kontrolou a aj napriek opakovan\u00fdm predsavzatiam typu &#8222;toto u\u017e nikdy neurob\u00edm&#8220; zopakujeme predch\u00e1dzaj\u00facu sk\u00fasenos\u0165 a s ot\u00e1zkou &#8222;U\u017e zasa!?&#8220; stoj\u00edme prekvapen\u00ed a nahnevan\u00ed sami na seba.<br \/>\nUvedomujeme si \u010do sa stalo, preber\u00e1me to s priate\u013emi, h\u013ead\u00e1me cesty, ako to zmeni\u0165.<\/div>\n<div class=\"x11i5rnm xat24cr x1mh8g0r x1vvkbs xtlvy1s\"><\/div>\n<div class=\"x11i5rnm xat24cr x1mh8g0r x1vvkbs xtlvy1s\">Je mo\u017en\u00e9 uvidie\u0165 a pochopi\u0165 \u010do n\u00e1s \u0165ah\u00e1 k spr\u00e1vaniu, nad ktor\u00fdm niekedy kr\u00fatime hlavou alebo in\u00fdm pripad\u00e1 nepochopite\u013en\u00e9?<\/div>\n<div class=\"x11i5rnm xat24cr x1mh8g0r x1vvkbs xtlvy1s\"><\/div>\n<div class=\"x11i5rnm xat24cr x1mh8g0r x1vvkbs xtlvy1s\">Prostredn\u00edctvom met\u00f3dy systemick\u00fdch \u017eivotn\u00fdch kon\u0161tel\u00e1ci\u00ed je mo\u017en\u00e9 &#8222;uvidie\u0165&#8220; vzorce do ktor\u00fdch n\u00e1s vle\u010d\u00fa syst\u00e9my, ktor\u00fdch sme s\u00fa\u010das\u0165ou. A\u017e ich uvidenie n\u00e1m d\u00e1 na v\u00fdber \u010do a ako vo svojom \u017eivote zmeni\u0165. Met\u00f3da Life integration process (LIP \u2013 Proces \u017eivotnej integr\u00e1cie) n\u00e1m dovo\u013euje nahliadnu\u0165 do predch\u00e1dzaj\u00facich et\u00e1p na\u0161ich \u017eivotov a prija\u0165 to, \u010do sme odsunuli na \u201enesk\u00f4r\u201c, pr\u00edpadne sme zo zasunuli do h\u013abok podvedomia, lebo sme nemali silu kona\u0165 inak.<\/div>\n<div class=\"x11i5rnm xat24cr x1mh8g0r x1vvkbs xtlvy1s\"><\/div>\n<div class=\"x11i5rnm xat24cr x1mh8g0r x1vvkbs xtlvy1s\">A dotkneme sa aj t\u00e9my, ako toto v\u0161etko ovplyv\u0148uje na\u0161e rodiny, priate\u013eov, kolegov, &#8230; .<\/div>\n<div class=\"x11i5rnm xat24cr x1mh8g0r x1vvkbs xtlvy1s\"><\/div>\n<div class=\"x11i5rnm xat24cr x1mh8g0r x1vvkbs xtlvy1s\"><strong>KEDY:<\/strong> 09. 11. 2025 16.00 &#8211; 20.30<\/div>\n<div class=\"x11i5rnm xat24cr x1mh8g0r x1vvkbs xtlvy1s\"><\/div>\n<div class=\"x11i5rnm xat24cr x1mh8g0r x1vvkbs xtlvy1s\"><strong>KDE:<\/strong> SARA, priestor pre stretnutia, Vinosady<\/div>\n<div class=\"x11i5rnm xat24cr x1mh8g0r x1vvkbs xtlvy1s\">prihlasovanie cez rezerva\u010dn\u00fd rormul\u00e1r<br \/>\n<a class=\"x1i10hfl xjbqb8w x6umtig x1b1mbwd xaqea5y xav7gou x9f619 x1ypdohk xt0psk2 xe8uvvx xdj266r x11i5rnm xat24cr x1mh8g0r xexx8yu x4uap5 x18d9i69 xkhd6sd x16tdsg8 x1hl2dhg xggy1nq x1a2a7pz xt0b8zv x1fey0fg\" tabindex=\"0\" role=\"link\" href=\"https:\/\/l.facebook.com\/l.php?u=https%3A%2F%2Fbit.ly%2Fprihlasovanie_sara%3Ffbclid%3DIwAR3OO2KCKNnBBYr7wziYYt01OUrg2S2ERcZLhfieWC2oCiHrHEN-eQ2z1ZI&amp;h=AT3csnrstXLb9vKyI8XCaieKIDLlpD8o_dbM1zopYzdsWlTC5uQyb0QNwWauafF6ntGfZPOUq3afnxt6gji_Bxbv9d_6ceLQLsPnL8e01A2tunhyZGbjvmxse2S9ie5CP1t8&amp;__tn__=q&amp;c[0]=AT3YyIVls2YFDUEKGbVP5Kp2h-aTnC5oshbawtFRasORLR44p4RtHWyoRodwClJtotuPEE6T3l7xzYaG0szHez0jHRLIVA3XGnZkpSDeiwSod-__2MDwYF1S9iImDmPdJq7LqhSDkykeSnfQXDWCZ-gEI_lK\" target=\"_blank\" rel=\"nofollow noopener\">https:\/\/bit.ly\/prihlasovanie_sara<\/a><\/div>\n<div class=\"x11i5rnm xat24cr x1mh8g0r x1vvkbs xtlvy1s\"><\/div>\n<\/div>\n<span class=\"et_bloom_bottom_trigger\"><\/span>","protected":false},"excerpt":{"rendered":"<p>&nbsp;<\/p>\n<p>Forma &#8211; SEMIN\u00c1R<\/p>\n<p>Vo svojom \u017eivote sa ocit\u00e1me v situ\u00e1ci\u00e1ch, kedy sa c\u00edtime komfortne. Sme pln\u00ed el\u00e1nu, energie, radosti, milujeme cel\u00fd svet.<br \/>\nMomenty, v ktor\u00fdch nem\u00e1me na\u0161e spr\u00e1vanie pod kontrolou a aj napriek opakovan\u00fdm predsavzatiam typu &#8222;toto u\u017e nikdy neurob\u00edm&#8220; zopakujeme predch\u00e1dzaj\u00facu sk\u00fasenos\u0165 a s ot\u00e1zkou &#8222;U\u017e zasa!?&#8220; stoj\u00edme prekvapen\u00ed a nahnevan\u00ed sami na seba. \u010eal\u0161ie podrobnosti ni\u017e\u0161ie&#8230;.<\/p>\n<p>&nbsp;<\/p>\n","protected":false},"featured_media":1087,"comment_status":"open","ping_status":"closed","template":"","meta":{"_et_pb_use_builder":"","_et_pb_old_content":"","_et_gb_content_width":"","content-type":"","_monsterinsights_skip_tracking":false,"_monsterinsights_sitenote_active":false,"_monsterinsights_sitenote_note":"","_monsterinsights_sitenote_category":0},"product_cat":[45,41,51,44],"product_tag":[61,62,34,60,55,33],"yoast_head":"<!-- This site is optimized with the Yoast SEO plugin v22.6 - https:\/\/yoast.com\/wordpress\/plugins\/seo\/ -->\n<title>Systemick\u00e9 \u017eivotn\u00e9 kon\u0161tel\u00e1cie a LIP v SARE VINOSADY 09. 11. 2025 - Eva Baluchov\u00e1<\/title>\n<meta name=\"description\" content=\"Systemick\u00e9 kon\u0161tel\u00e1cie n\u00e1m pom\u00e1haj\u00fa vysporiada\u0165 sa so situ\u00e1ciami, ktor\u00e9 sa v na\u0161om \u017eivote opakuj\u00fa a nevieme to, napriek ve\u013ek\u00e9mu \u00fasiliu, zmeni\u0165.\" \/>\n<meta name=\"robots\" content=\"index, follow, max-snippet:-1, max-image-preview:large, max-video-preview:-1\" \/>\n<link rel=\"canonical\" href=\"https:\/\/evabaluchova.com\/index.php\/produkt\/systemicke-zivotne-konstelacie-a-lip-v-sare-vinosady-09-11-2025-kopia\/\" \/>\n<meta property=\"og:locale\" content=\"sk_SK\" \/>\n<meta property=\"og:type\" content=\"article\" \/>\n<meta property=\"og:title\" content=\"Systemick\u00e9 \u017eivotn\u00e9 kon\u0161tel\u00e1cie a LIP v SARE VINOSADY 09. 11. 2025 - Eva Baluchov\u00e1\" \/>\n<meta property=\"og:description\" content=\"Systemick\u00e9 kon\u0161tel\u00e1cie n\u00e1m pom\u00e1haj\u00fa vysporiada\u0165 sa so situ\u00e1ciami, ktor\u00e9 sa v na\u0161om \u017eivote opakuj\u00fa a nevieme to, napriek ve\u013ek\u00e9mu \u00fasiliu, zmeni\u0165.\" \/>\n<meta property=\"og:url\" content=\"https:\/\/evabaluchova.com\/index.php\/produkt\/systemicke-zivotne-konstelacie-a-lip-v-sare-vinosady-09-11-2025-kopia\/\" \/>\n<meta property=\"og:site_name\" content=\"Eva Baluchov\u00e1\" \/>\n<meta property=\"article:publisher\" content=\"https:\/\/www.facebook.com\/coachevabaluchova\" \/>\n<meta property=\"article:modified_time\" content=\"2025-07-13T10:19:04+00:00\" \/>\n<meta property=\"og:image\" content=\"https:\/\/evabaluchova.com\/wp-content\/uploads\/2022\/10\/ISPAK_MAJ_2022_EXPORT_WEB-019.jpg\" \/>\n\t<meta property=\"og:image:width\" content=\"1957\" \/>\n\t<meta property=\"og:image:height\" content=\"2000\" \/>\n\t<meta property=\"og:image:type\" content=\"image\/jpeg\" \/>\n<meta name=\"twitter:card\" content=\"summary_large_image\" \/>\n<meta name=\"twitter:label1\" content=\"Predpokladan\u00fd \u010das \u010d\u00edtania\" \/>\n\t<meta name=\"twitter:data1\" content=\"2 min\u00faty\" \/>\n<script type=\"application\/ld+json\" class=\"yoast-schema-graph\">{\"@context\":\"https:\/\/schema.org\",\"@graph\":[{\"@type\":\"WebPage\",\"@id\":\"https:\/\/evabaluchova.com\/index.php\/produkt\/systemicke-zivotne-konstelacie-a-lip-v-sare-vinosady-09-11-2025-kopia\/\",\"url\":\"https:\/\/evabaluchova.com\/index.php\/produkt\/systemicke-zivotne-konstelacie-a-lip-v-sare-vinosady-09-11-2025-kopia\/\",\"name\":\"Systemick\u00e9 \u017eivotn\u00e9 kon\u0161tel\u00e1cie a LIP v SARE VINOSADY 09. 11. 2025 - Eva Baluchov\u00e1\",\"isPartOf\":{\"@id\":\"https:\/\/evabaluchova.com\/#website\"},\"primaryImageOfPage\":{\"@id\":\"https:\/\/evabaluchova.com\/index.php\/produkt\/systemicke-zivotne-konstelacie-a-lip-v-sare-vinosady-09-11-2025-kopia\/#primaryimage\"},\"image\":{\"@id\":\"https:\/\/evabaluchova.com\/index.php\/produkt\/systemicke-zivotne-konstelacie-a-lip-v-sare-vinosady-09-11-2025-kopia\/#primaryimage\"},\"thumbnailUrl\":\"https:\/\/evabaluchova.com\/wp-content\/uploads\/2022\/10\/ISPAK_MAJ_2022_EXPORT_WEB-019.jpg\",\"datePublished\":\"2025-07-13T10:18:10+00:00\",\"dateModified\":\"2025-07-13T10:19:04+00:00\",\"description\":\"Systemick\u00e9 kon\u0161tel\u00e1cie n\u00e1m pom\u00e1haj\u00fa vysporiada\u0165 sa so situ\u00e1ciami, ktor\u00e9 sa v na\u0161om \u017eivote opakuj\u00fa a nevieme to, napriek ve\u013ek\u00e9mu \u00fasiliu, zmeni\u0165.\",\"breadcrumb\":{\"@id\":\"https:\/\/evabaluchova.com\/index.php\/produkt\/systemicke-zivotne-konstelacie-a-lip-v-sare-vinosady-09-11-2025-kopia\/#breadcrumb\"},\"inLanguage\":\"sk-SK\",\"potentialAction\":[{\"@type\":\"ReadAction\",\"target\":[\"https:\/\/evabaluchova.com\/index.php\/produkt\/systemicke-zivotne-konstelacie-a-lip-v-sare-vinosady-09-11-2025-kopia\/\"]}]},{\"@type\":\"ImageObject\",\"inLanguage\":\"sk-SK\",\"@id\":\"https:\/\/evabaluchova.com\/index.php\/produkt\/systemicke-zivotne-konstelacie-a-lip-v-sare-vinosady-09-11-2025-kopia\/#primaryimage\",\"url\":\"https:\/\/evabaluchova.com\/wp-content\/uploads\/2022\/10\/ISPAK_MAJ_2022_EXPORT_WEB-019.jpg\",\"contentUrl\":\"https:\/\/evabaluchova.com\/wp-content\/uploads\/2022\/10\/ISPAK_MAJ_2022_EXPORT_WEB-019.jpg\",\"width\":1957,\"height\":2000},{\"@type\":\"BreadcrumbList\",\"@id\":\"https:\/\/evabaluchova.com\/index.php\/produkt\/systemicke-zivotne-konstelacie-a-lip-v-sare-vinosady-09-11-2025-kopia\/#breadcrumb\",\"itemListElement\":[{\"@type\":\"ListItem\",\"position\":1,\"name\":\"Home\",\"item\":\"https:\/\/evabaluchova.com\/\"},{\"@type\":\"ListItem\",\"position\":2,\"name\":\"Obchod\",\"item\":\"https:\/\/evabaluchova.com\/index.php\/obchod\/\"},{\"@type\":\"ListItem\",\"position\":3,\"name\":\"Systemick\u00e9 \u017eivotn\u00e9 kon\u0161tel\u00e1cie a LIP v SARE VINOSADY 09. 11. 2025\"}]},{\"@type\":\"WebSite\",\"@id\":\"https:\/\/evabaluchova.com\/#website\",\"url\":\"https:\/\/evabaluchova.com\/\",\"name\":\"Eva Baluchov\u00e1\",\"description\":\"Zmena postoja - to je to naj\u00fa\u010dinnej\u0161ie \u010do m\u00f4\u017eete spravi\u0165.\",\"publisher\":{\"@id\":\"https:\/\/evabaluchova.com\/#organization\"},\"potentialAction\":[{\"@type\":\"SearchAction\",\"target\":{\"@type\":\"EntryPoint\",\"urlTemplate\":\"https:\/\/evabaluchova.com\/?s={search_term_string}\"},\"query-input\":\"required name=search_term_string\"}],\"inLanguage\":\"sk-SK\"},{\"@type\":\"Organization\",\"@id\":\"https:\/\/evabaluchova.com\/#organization\",\"name\":\"Eva Baluchov\u00e1, s.r.o.\",\"url\":\"https:\/\/evabaluchova.com\/\",\"logo\":{\"@type\":\"ImageObject\",\"inLanguage\":\"sk-SK\",\"@id\":\"https:\/\/evabaluchova.com\/#\/schema\/logo\/image\/\",\"url\":\"https:\/\/evabaluchova.com\/wp-content\/uploads\/2021\/07\/23-1.png\",\"contentUrl\":\"https:\/\/evabaluchova.com\/wp-content\/uploads\/2021\/07\/23-1.png\",\"width\":940,\"height\":788,\"caption\":\"Eva Baluchov\u00e1, s.r.o.\"},\"image\":{\"@id\":\"https:\/\/evabaluchova.com\/#\/schema\/logo\/image\/\"},\"sameAs\":[\"https:\/\/www.facebook.com\/coachevabaluchova\"]}]}<\/script>\n<!-- \/ Yoast SEO plugin. -->","yoast_head_json":{"title":"Systemick\u00e9 \u017eivotn\u00e9 kon\u0161tel\u00e1cie a LIP v SARE VINOSADY 09. 11. 2025 - Eva Baluchov\u00e1","description":"Systemick\u00e9 kon\u0161tel\u00e1cie n\u00e1m pom\u00e1haj\u00fa vysporiada\u0165 sa so situ\u00e1ciami, ktor\u00e9 sa v na\u0161om \u017eivote opakuj\u00fa a nevieme to, napriek ve\u013ek\u00e9mu \u00fasiliu, zmeni\u0165.","robots":{"index":"index","follow":"follow","max-snippet":"max-snippet:-1","max-image-preview":"max-image-preview:large","max-video-preview":"max-video-preview:-1"},"canonical":"https:\/\/evabaluchova.com\/index.php\/produkt\/systemicke-zivotne-konstelacie-a-lip-v-sare-vinosady-09-11-2025-kopia\/","og_locale":"sk_SK","og_type":"article","og_title":"Systemick\u00e9 \u017eivotn\u00e9 kon\u0161tel\u00e1cie a LIP v SARE VINOSADY 09. 11. 2025 - Eva Baluchov\u00e1","og_description":"Systemick\u00e9 kon\u0161tel\u00e1cie n\u00e1m pom\u00e1haj\u00fa vysporiada\u0165 sa so situ\u00e1ciami, ktor\u00e9 sa v na\u0161om \u017eivote opakuj\u00fa a nevieme to, napriek ve\u013ek\u00e9mu \u00fasiliu, zmeni\u0165.","og_url":"https:\/\/evabaluchova.com\/index.php\/produkt\/systemicke-zivotne-konstelacie-a-lip-v-sare-vinosady-09-11-2025-kopia\/","og_site_name":"Eva Baluchov\u00e1","article_publisher":"https:\/\/www.facebook.com\/coachevabaluchova","article_modified_time":"2025-07-13T10:19:04+00:00","og_image":[{"width":1957,"height":2000,"url":"https:\/\/evabaluchova.com\/wp-content\/uploads\/2022\/10\/ISPAK_MAJ_2022_EXPORT_WEB-019.jpg","type":"image\/jpeg"}],"twitter_card":"summary_large_image","twitter_misc":{"Predpokladan\u00fd \u010das \u010d\u00edtania":"2 min\u00faty"},"schema":{"@context":"https:\/\/schema.org","@graph":[{"@type":"WebPage","@id":"https:\/\/evabaluchova.com\/index.php\/produkt\/systemicke-zivotne-konstelacie-a-lip-v-sare-vinosady-09-11-2025-kopia\/","url":"https:\/\/evabaluchova.com\/index.php\/produkt\/systemicke-zivotne-konstelacie-a-lip-v-sare-vinosady-09-11-2025-kopia\/","name":"Systemick\u00e9 \u017eivotn\u00e9 kon\u0161tel\u00e1cie a LIP v SARE VINOSADY 09. 11. 2025 - Eva Baluchov\u00e1","isPartOf":{"@id":"https:\/\/evabaluchova.com\/#website"},"primaryImageOfPage":{"@id":"https:\/\/evabaluchova.com\/index.php\/produkt\/systemicke-zivotne-konstelacie-a-lip-v-sare-vinosady-09-11-2025-kopia\/#primaryimage"},"image":{"@id":"https:\/\/evabaluchova.com\/index.php\/produkt\/systemicke-zivotne-konstelacie-a-lip-v-sare-vinosady-09-11-2025-kopia\/#primaryimage"},"thumbnailUrl":"https:\/\/evabaluchova.com\/wp-content\/uploads\/2022\/10\/ISPAK_MAJ_2022_EXPORT_WEB-019.jpg","datePublished":"2025-07-13T10:18:10+00:00","dateModified":"2025-07-13T10:19:04+00:00","description":"Systemick\u00e9 kon\u0161tel\u00e1cie n\u00e1m pom\u00e1haj\u00fa vysporiada\u0165 sa so situ\u00e1ciami, ktor\u00e9 sa v na\u0161om \u017eivote opakuj\u00fa a nevieme to, napriek ve\u013ek\u00e9mu \u00fasiliu, zmeni\u0165.","breadcrumb":{"@id":"https:\/\/evabaluchova.com\/index.php\/produkt\/systemicke-zivotne-konstelacie-a-lip-v-sare-vinosady-09-11-2025-kopia\/#breadcrumb"},"inLanguage":"sk-SK","potentialAction":[{"@type":"ReadAction","target":["https:\/\/evabaluchova.com\/index.php\/produkt\/systemicke-zivotne-konstelacie-a-lip-v-sare-vinosady-09-11-2025-kopia\/"]}]},{"@type":"ImageObject","inLanguage":"sk-SK","@id":"https:\/\/evabaluchova.com\/index.php\/produkt\/systemicke-zivotne-konstelacie-a-lip-v-sare-vinosady-09-11-2025-kopia\/#primaryimage","url":"https:\/\/evabaluchova.com\/wp-content\/uploads\/2022\/10\/ISPAK_MAJ_2022_EXPORT_WEB-019.jpg","contentUrl":"https:\/\/evabaluchova.com\/wp-content\/uploads\/2022\/10\/ISPAK_MAJ_2022_EXPORT_WEB-019.jpg","width":1957,"height":2000},{"@type":"BreadcrumbList","@id":"https:\/\/evabaluchova.com\/index.php\/produkt\/systemicke-zivotne-konstelacie-a-lip-v-sare-vinosady-09-11-2025-kopia\/#breadcrumb","itemListElement":[{"@type":"ListItem","position":1,"name":"Home","item":"https:\/\/evabaluchova.com\/"},{"@type":"ListItem","position":2,"name":"Obchod","item":"https:\/\/evabaluchova.com\/index.php\/obchod\/"},{"@type":"ListItem","position":3,"name":"Systemick\u00e9 \u017eivotn\u00e9 kon\u0161tel\u00e1cie a LIP v SARE VINOSADY 09. 11. 2025"}]},{"@type":"WebSite","@id":"https:\/\/evabaluchova.com\/#website","url":"https:\/\/evabaluchova.com\/","name":"Eva Baluchov\u00e1","description":"Zmena postoja - to je to naj\u00fa\u010dinnej\u0161ie \u010do m\u00f4\u017eete spravi\u0165.","publisher":{"@id":"https:\/\/evabaluchova.com\/#organization"},"potentialAction":[{"@type":"SearchAction","target":{"@type":"EntryPoint","urlTemplate":"https:\/\/evabaluchova.com\/?s={search_term_string}"},"query-input":"required name=search_term_string"}],"inLanguage":"sk-SK"},{"@type":"Organization","@id":"https:\/\/evabaluchova.com\/#organization","name":"Eva Baluchov\u00e1, s.r.o.","url":"https:\/\/evabaluchova.com\/","logo":{"@type":"ImageObject","inLanguage":"sk-SK","@id":"https:\/\/evabaluchova.com\/#\/schema\/logo\/image\/","url":"https:\/\/evabaluchova.com\/wp-content\/uploads\/2021\/07\/23-1.png","contentUrl":"https:\/\/evabaluchova.com\/wp-content\/uploads\/2021\/07\/23-1.png","width":940,"height":788,"caption":"Eva Baluchov\u00e1, s.r.o."},"image":{"@id":"https:\/\/evabaluchova.com\/#\/schema\/logo\/image\/"},"sameAs":["https:\/\/www.facebook.com\/coachevabaluchova"]}]}},"_links":{"self":[{"href":"https:\/\/evabaluchova.com\/index.php\/wp-json\/wp\/v2\/product\/1851"}],"collection":[{"href":"https:\/\/evabaluchova.com\/index.php\/wp-json\/wp\/v2\/product"}],"about":[{"href":"https:\/\/evabaluchova.com\/index.php\/wp-json\/wp\/v2\/types\/product"}],"replies":[{"embeddable":true,"href":"https:\/\/evabaluchova.com\/index.php\/wp-json\/wp\/v2\/comments?post=1851"}],"wp:featuredmedia":[{"embeddable":true,"href":"https:\/\/evabaluchova.com\/index.php\/wp-json\/wp\/v2\/media\/1087"}],"wp:attachment":[{"href":"https:\/\/evabaluchova.com\/index.php\/wp-json\/wp\/v2\/media?parent=1851"}],"wp:term":[{"taxonomy":"product_cat","embeddable":true,"href":"https:\/\/evabaluchova.com\/index.php\/wp-json\/wp\/v2\/product_cat?post=1851"},{"taxonomy":"product_tag","embeddable":true,"href":"https:\/\/evabaluchova.com\/index.php\/wp-json\/wp\/v2\/product_tag?post=1851"}],"curies":[{"name":"wp","href":"https:\/\/api.w.org\/{rel}","templated":true}]}}