{"id":950,"date":"2022-05-29T18:12:59","date_gmt":"2022-05-29T16:12:59","guid":{"rendered":"https:\/\/evabaluchova.com\/?post_type=product&#038;p=950"},"modified":"2025-11-04T08:54:48","modified_gmt":"2025-11-04T07:54:48","slug":"genove-klice","status":"publish","type":"product","link":"https:\/\/evabaluchova.com\/index.php\/produkt\/genove-klice\/","title":{"rendered":"Genov\u00e9 kl\u00ed\u010de"},"content":{"rendered":"<p>Je n\u00e1\u0161 osud zap\u00edsan\u00fd v na\u0161ej DNA?<\/p>\n<p>Richard Rudd nazna\u010duje, \u017ee \u013eudstvo je na pokraji v\u00fdznamn\u00e9ho posunu v ch\u00e1pan\u00ed kore\u0148ov nov\u00e9ho ch\u00e1pania fungovania na\u0161ich g\u00e9nov. Predstavuje t\u00fato fantastick\u00fa mo\u017enos\u0165 a ukazuje, ako s\u00fa vn\u00fatorn\u00e9 jazyky navrhnut\u00e9 tak, aby zmenili na\u0161e z\u00e1kladn\u00e9 presved\u010denia o n\u00e1s sam\u00fdch a pozdvihli n\u00e1s na vy\u0161\u0161iu \u00farove\u0148 uvedomenia si na\u0161ich &#8222;g\u00e9nov\u00fdch k\u013e\u00fa\u010dov&#8220;.\u00a0T\u00e1to kniha je pozvan\u00edm na nov\u00fa cestu v na\u0161om \u017eivote. Bez oh\u013eadu na vonkaj\u0161ie okolnosti sa v ka\u017edom \u010dloveku skr\u00fdva nie\u010do kr\u00e1sne. Jedin\u00fdm cie\u013eom g\u00e9nov\u00fdch k\u013e\u00fa\u010dov je vyzdvihn\u00fa\u0165 t\u00fato kr\u00e1su do popredia a zap\u00e1li\u0165 ve\u010dn\u00fa iskru geniality, ktor\u00e1 n\u00e1s odli\u0161uje od v\u0161etk\u00fdch ostatn\u00fdch. Nech s\u00fa na\u0161e sny ak\u00e9ko\u013evek, Genov\u00e9 kl\u00ed\u010de n\u00e1s poz\u00fdvaj\u00fa do sveta, kde ni\u010d nie je nemo\u017en\u00e9.<\/p>\n<p>Genov\u00e9 kl\u00ed\u010de s\u00fa univerz\u00e1lnym z\u00e1kladom pre sebapoznanie. Obsahuj\u00fa potravu pre na\u0161u myse\u013e a potrebu porozumie\u0165, a z\u00e1rove\u0148 ve\u013emi jasne ved\u00fa za samotn\u00e9 inform\u00e1cie k hlb\u0161iemu pochopeniu a obr\u00e1teniu sa do vn\u00fatra. Osvet\u013euj\u00fa na\u0161u prirodzen\u00fa t\u00fa\u017ebu p\u00fdta\u0165 sa a sk\u00fama\u0165. Je to kompletn\u00fd preh\u013ead \u013eudskej genetickej matrice a mapa \u013eudskej psychiky. Obsah knihy nesie hlbok\u00fd transforma\u010dn\u00fd potenci\u00e1l.<\/p>\n<p>Kniha funguje v spojen\u00ed s online softv\u00e9rom, ktor\u00fd umo\u017e\u0148uje vytvorenie hologenetick\u00e9ho profilu zalo\u017een\u00e9ho na \u00fadajoch o\u00a0va\u0161om naroden\u00ed a odha\u013euje z\u00e1kladn\u00e9 genetick\u00e9 vzorce, ktor\u00e9 riadia vz\u0165ahy, financie a zdravie.<\/p>\n<p><strong>Ako knihu pou\u017e\u00edva\u0165:<\/strong><\/p>\n<ul>\n<li>G\u00e9nov\u00e9 k\u013e\u00fa\u010de maj\u00fa holografick\u00fa povahu, je mo\u017en\u00e9 knihu otvori\u0165 n\u00e1hodne a chv\u00ed\u013eu \u010d\u00edta\u0165 ktor\u00fako\u013evek \u010das\u0165 str\u00e1nky.<\/li>\n<li>Ak h\u013ead\u00e1te odpove\u010f na nejak\u00fa ot\u00e1zku, podr\u017ete ju vo svojej mysli, otvorte knihu na niektorej strane a \u010d\u00edtajte.<\/li>\n<li>V tabu\u013eke Spektrum vedomia si m\u00f4\u017eete vyh\u013eada\u0165 aspekt, ktor\u00fd moment\u00e1lne dominuje v\u00e1\u0161mu \u017eivotu a pre\u010d\u00edta\u0165 si text, ktor\u00fd je mu v\u00a0knihe venovan\u00fd.<\/li>\n<li>M\u00f4\u017eete sa systematicky a postupne ponori\u0165 do h\u013abky cel\u00e9ho spektra \u0161es\u0165desiatich \u0161tyroch g\u00e9nov\u00fdch k\u013e\u00fa\u010dov, a tak prejs\u0165 cel\u00fa knihu od za\u010diatku a\u017e do konca.<\/li>\n<li>M\u00f4\u017eete si vygenerova\u0165 svoj osobn\u00fd hologenetick\u00fd profil pod\u013ea d\u00e1tumu narodenia, a tak odhali\u0165 hlavn\u00e9 aspekty (t. j. hlavn\u00e9 g\u00e9nov\u00e9 k\u013e\u00fa\u010de) ulo\u017een\u00e9 vo va\u0161ej DNA, ktor\u00e9 formuj\u00fa v\u00e1\u0161 s\u00fa\u010dasn\u00fd \u017eivot.<\/li>\n<\/ul>\n<p><strong>Komu je kniha ur\u010den\u00e1:<\/strong> <em>ka\u017ed\u00fd so z\u00e1ujmom o transform\u00e1ciu a spoznanie svojho vn\u00fatra, pre psychol\u00f3gov a terapeutov<\/em>.<\/p>\n<ul>\n<li><strong>V\u00e4zba:\u00a0<\/strong>pevn\u00e1<\/li>\n<li><strong>Jazyk:\u00a0<\/strong>\u010desk\u00fd<\/li>\n<li><strong>Po\u010det str\u00e1n:\u00a0<\/strong>405<\/li>\n<li><strong>Rozmer:<\/strong> 215&#215;285 mm<\/li>\n<li><strong>Hmotnos\u0165:<\/strong> 1289 g<\/li>\n<li><strong>Vydavate\u013e: <\/strong>Mark\u00e9ta Doubravsk\u00e1<\/li>\n<li><strong>ISBN13 (\u010diarov\u00fd k\u00f3d EAN):\u00a0<\/strong>9788026075882<\/li>\n<li><strong>ISBN:<\/strong> 978-80-260758-8-2<\/li>\n<\/ul>\n<p>&nbsp;<\/p>\n<p>(viac o G\u00e9nov\u00fdch k\u013e\u00fa\u010doch n\u00e1jdete na <a href=\"http:\/\/www.genovekluce.com\">www.genovekluce.com<\/a>)<\/p>\n<p>&nbsp;<\/p>\n\n\t\t<div class='author-shortcodes'>\n\t\t\t<div class='author-inner'>\n\t\t\t\t<div class='author-image'>\n\t\t\t<img src='https:\/\/evabaluchova.com\/wp-content\/uploads\/et_temp\/RichardRudd-303873_60x60.jpg' alt='' \/>\n\t\t\t<div class='author-overlay'><\/div>\n\t\t<\/div> \n\t\t<div class='author-info'>\n\t\t\tRichard Rudd je mystik, poet, u\u010dite\u013e, man\u017eel a otec troch det\u00ed. Narodil sa a \u017eije rodinn\u00fdm \u017eivotom v Anglicku. Na univerzite \u0161tudoval anglick\u00fa literat\u00faru a metafyziku a k tomu sa zauj\u00edmal o ezoterick\u00fd mysticizmus, o r\u00f4zne n\u00e1bo\u017eensk\u00e9 smery a filozofie, o psychol\u00f3giu Carla Junga&#8230; Po\u010das svojich ciest po svete spozn\u00e1val r\u00f4zne kult\u00fary a u\u010dite\u013eov r\u00f4znych trad\u00edci\u00ed, praktikoval medit\u00e1ciu, \u010dikung &#8230; Ke\u010f mal 29 rokov, za\u017eil spont\u00e1nny energetick\u00fd z\u00e1\u017eitok, kedy sa jeho individu\u00e1lne vedomie na 3 dni roz\u0161\u00edrilo, ako to s\u00e1m nazval, do &#8222;nekone\u010dn\u00e9ho svetla&#8220;. Trvalo nieko\u013eko rokov k\u00fdm tento z\u00e1\u017eitok postupne za\u010dal integrova\u0165 do svojho be\u017en\u00e9ho \u017eivota a po\u010das tohto obdobia \u0161tudoval, u\u010dil syst\u00e9m Human design, zaoberal sa I-\u0165ingom a z nich za\u010dalo kl\u00ed\u010di\u0165 u\u010denie a m\u00fadros\u0165 g\u00e9nov\u00fdch k\u013e\u00fa\u010dov, ktor\u00e9 s\u00fa ur\u010ditou formou transmisie vedomia, ktor\u00e9 Richardom na\u010falej pr\u00fadi.\n\t\t<\/div>\n\t\t\t<\/div>\n\t\t<\/div>\n<span class=\"et_bloom_bottom_trigger\"><\/span>","protected":false},"excerpt":{"rendered":"<p>Kniha nie je k dispoz\u00edcii, dotla\u010d bude pravdepodobne v 7\/2024. Sk\u00faste oslovi\u0165 p. Mark\u00e9tu Doubravsk\u00fa (prekladate\u013eka a ambasador GK v \u010cR), ktor\u00e1 e\u0161te nejak\u00e9 z\u00e1soby m\u00e1. V ned\u00e1vnej komunik\u00e1cii mi ozn\u00e1mila, \u017ee knihu Genov\u00e9 kl\u00ed\u010de u\u017e nebude distribuova\u0165 in\u00fdm predajcom. V pr\u00edpade z\u00e1ujmu o \u0148u <a href=\"https:\/\/knihy.genoveklice.cz\/knihy\/2-kniha-genove-klice.html\">objadnajte TU<\/a>. Ostatn\u00e9 prelo\u017een\u00e9 knihy s\u00fa k dispoz\u00edcii na tomto webe.<\/p>\n<p>&nbsp;<\/p>\n<p><strong>Autor:<\/strong> Richard Rudd<\/p>\n<p>Kniha Genov\u00e9 kl\u00ed\u010de je univerz\u00e1lnym z\u00e1kladom pre sebapoznanie. Obsahuje potravu pre na\u0161u myse\u013e a potrebu porozumie\u0165, a z\u00e1rove\u0148 vedie ve\u013emi jasne za samotn\u00e9 inform\u00e1cie k hlb\u0161iemu pochopeniu a obr\u00e1teniu sa do vn\u00fatra. Osvet\u013euje na\u0161u prirodzen\u00fa t\u00fa\u017ebu p\u00fdta\u0165 sa a sk\u00fama\u0165. Je to kompletn\u00fd preh\u013ead \u013eudskej genetickej matrice a mapa \u013eudskej psychiky. Obsah knihy nesie hlbok\u00fd transforma\u010dn\u00fd potenci\u00e1l.<\/p>\n<p>(viac o G\u00e9nov\u00fdch k\u013e\u00fa\u010doch n\u00e1jdete na <a href=\"http:\/\/www.genovekluce.com\">www.genovekluce.com<\/a>)<\/p>\n<ul>\n<li><strong>V\u00e4zba:\u00a0<\/strong>pevn\u00e1<\/li>\n<li><strong>Jazyk:\u00a0<\/strong>\u010desk\u00fd<\/li>\n<li><strong>Po\u010det str\u00e1n:\u00a0<\/strong>405<\/li>\n<li><strong>Rozmer:<\/strong> 215&#215;285 mm<\/li>\n<li><strong>Hmotnos\u0165:<\/strong> 1289 g<\/li>\n<li><strong>Vydavate\u013e: <\/strong>Mark\u00e9ta Doubravsk\u00e1<\/li>\n<li><strong>ISBN13 (\u010diarov\u00fd k\u00f3d EAN):\u00a0<\/strong>9788026075882<\/li>\n<li><strong>ISBN:<\/strong> 978-80-260758-8-2<\/li>\n<\/ul>\n<p>&nbsp;<\/p>\n","protected":false},"featured_media":926,"comment_status":"open","ping_status":"closed","template":"","meta":{"_et_pb_use_builder":"","_et_pb_old_content":"","_et_gb_content_width":"","content-type":"","_monsterinsights_skip_tracking":false,"_monsterinsights_sitenote_active":false,"_monsterinsights_sitenote_note":"","_monsterinsights_sitenote_category":0},"product_cat":[37,29,38],"product_tag":[32,31,34,33],"yoast_head":"<!-- This site is optimized with the Yoast SEO plugin v22.6 - https:\/\/yoast.com\/wordpress\/plugins\/seo\/ -->\n<title>Genov\u00e9 kl\u00ed\u010de - Eva Baluchov\u00e1<\/title>\n<meta name=\"description\" content=\"Genov\u00e9 kl\u00ed\u010de s\u00fa univerz\u00e1lnym z\u00e1kladom pre sebapoznanie. Kompletn\u00fd preh\u013ead \u013eudskej genetickej matrice nesie transforma\u010dn\u00fd potenci\u00e1l.\" \/>\n<meta name=\"robots\" content=\"index, follow, max-snippet:-1, max-image-preview:large, max-video-preview:-1\" \/>\n<link rel=\"canonical\" href=\"https:\/\/evabaluchova.com\/index.php\/produkt\/genove-klice\/\" \/>\n<meta property=\"og:locale\" content=\"sk_SK\" \/>\n<meta property=\"og:type\" content=\"article\" \/>\n<meta property=\"og:title\" content=\"Genov\u00e9 kl\u00ed\u010de - Eva Baluchov\u00e1\" \/>\n<meta property=\"og:description\" content=\"Genov\u00e9 kl\u00ed\u010de s\u00fa univerz\u00e1lnym z\u00e1kladom pre sebapoznanie. Kompletn\u00fd preh\u013ead \u013eudskej genetickej matrice nesie transforma\u010dn\u00fd potenci\u00e1l.\" \/>\n<meta property=\"og:url\" content=\"https:\/\/evabaluchova.com\/index.php\/produkt\/genove-klice\/\" \/>\n<meta property=\"og:site_name\" content=\"Eva Baluchov\u00e1\" \/>\n<meta property=\"article:publisher\" content=\"https:\/\/www.facebook.com\/coachevabaluchova\" \/>\n<meta property=\"article:modified_time\" content=\"2025-11-04T07:54:48+00:00\" \/>\n<meta property=\"og:image\" content=\"https:\/\/evabaluchova.com\/wp-content\/uploads\/2022\/05\/GENOVE_KLICE_1.jpg\" \/>\n\t<meta property=\"og:image:width\" content=\"2000\" \/>\n\t<meta property=\"og:image:height\" content=\"2000\" \/>\n\t<meta property=\"og:image:type\" content=\"image\/jpeg\" \/>\n<meta name=\"twitter:card\" content=\"summary_large_image\" \/>\n<meta name=\"twitter:label1\" content=\"Predpokladan\u00fd \u010das \u010d\u00edtania\" \/>\n\t<meta name=\"twitter:data1\" content=\"3 min\u00faty\" \/>\n<script type=\"application\/ld+json\" class=\"yoast-schema-graph\">{\"@context\":\"https:\/\/schema.org\",\"@graph\":[{\"@type\":\"WebPage\",\"@id\":\"https:\/\/evabaluchova.com\/index.php\/produkt\/genove-klice\/\",\"url\":\"https:\/\/evabaluchova.com\/index.php\/produkt\/genove-klice\/\",\"name\":\"Genov\u00e9 kl\u00ed\u010de - Eva Baluchov\u00e1\",\"isPartOf\":{\"@id\":\"https:\/\/evabaluchova.com\/#website\"},\"primaryImageOfPage\":{\"@id\":\"https:\/\/evabaluchova.com\/index.php\/produkt\/genove-klice\/#primaryimage\"},\"image\":{\"@id\":\"https:\/\/evabaluchova.com\/index.php\/produkt\/genove-klice\/#primaryimage\"},\"thumbnailUrl\":\"https:\/\/evabaluchova.com\/wp-content\/uploads\/2022\/05\/GENOVE_KLICE_1.jpg\",\"datePublished\":\"2022-05-29T16:12:59+00:00\",\"dateModified\":\"2025-11-04T07:54:48+00:00\",\"description\":\"Genov\u00e9 kl\u00ed\u010de s\u00fa univerz\u00e1lnym z\u00e1kladom pre sebapoznanie. Kompletn\u00fd preh\u013ead \u013eudskej genetickej matrice nesie transforma\u010dn\u00fd potenci\u00e1l.\",\"breadcrumb\":{\"@id\":\"https:\/\/evabaluchova.com\/index.php\/produkt\/genove-klice\/#breadcrumb\"},\"inLanguage\":\"sk-SK\",\"potentialAction\":[{\"@type\":\"ReadAction\",\"target\":[\"https:\/\/evabaluchova.com\/index.php\/produkt\/genove-klice\/\"]}]},{\"@type\":\"ImageObject\",\"inLanguage\":\"sk-SK\",\"@id\":\"https:\/\/evabaluchova.com\/index.php\/produkt\/genove-klice\/#primaryimage\",\"url\":\"https:\/\/evabaluchova.com\/wp-content\/uploads\/2022\/05\/GENOVE_KLICE_1.jpg\",\"contentUrl\":\"https:\/\/evabaluchova.com\/wp-content\/uploads\/2022\/05\/GENOVE_KLICE_1.jpg\",\"width\":2000,\"height\":2000,\"caption\":\"Richard Rudd, Genov\u00e9 kl\u00ed\u010de\"},{\"@type\":\"BreadcrumbList\",\"@id\":\"https:\/\/evabaluchova.com\/index.php\/produkt\/genove-klice\/#breadcrumb\",\"itemListElement\":[{\"@type\":\"ListItem\",\"position\":1,\"name\":\"Home\",\"item\":\"https:\/\/evabaluchova.com\/\"},{\"@type\":\"ListItem\",\"position\":2,\"name\":\"Obchod\",\"item\":\"https:\/\/evabaluchova.com\/index.php\/obchod\/\"},{\"@type\":\"ListItem\",\"position\":3,\"name\":\"Genov\u00e9 kl\u00ed\u010de\"}]},{\"@type\":\"WebSite\",\"@id\":\"https:\/\/evabaluchova.com\/#website\",\"url\":\"https:\/\/evabaluchova.com\/\",\"name\":\"Eva Baluchov\u00e1\",\"description\":\"Zmena postoja - to je to naj\u00fa\u010dinnej\u0161ie \u010do m\u00f4\u017eete spravi\u0165.\",\"publisher\":{\"@id\":\"https:\/\/evabaluchova.com\/#organization\"},\"potentialAction\":[{\"@type\":\"SearchAction\",\"target\":{\"@type\":\"EntryPoint\",\"urlTemplate\":\"https:\/\/evabaluchova.com\/?s={search_term_string}\"},\"query-input\":\"required name=search_term_string\"}],\"inLanguage\":\"sk-SK\"},{\"@type\":\"Organization\",\"@id\":\"https:\/\/evabaluchova.com\/#organization\",\"name\":\"Eva Baluchov\u00e1, s.r.o.\",\"url\":\"https:\/\/evabaluchova.com\/\",\"logo\":{\"@type\":\"ImageObject\",\"inLanguage\":\"sk-SK\",\"@id\":\"https:\/\/evabaluchova.com\/#\/schema\/logo\/image\/\",\"url\":\"https:\/\/evabaluchova.com\/wp-content\/uploads\/2021\/07\/23-1.png\",\"contentUrl\":\"https:\/\/evabaluchova.com\/wp-content\/uploads\/2021\/07\/23-1.png\",\"width\":940,\"height\":788,\"caption\":\"Eva Baluchov\u00e1, s.r.o.\"},\"image\":{\"@id\":\"https:\/\/evabaluchova.com\/#\/schema\/logo\/image\/\"},\"sameAs\":[\"https:\/\/www.facebook.com\/coachevabaluchova\"]}]}<\/script>\n<!-- \/ Yoast SEO plugin. -->","yoast_head_json":{"title":"Genov\u00e9 kl\u00ed\u010de - Eva Baluchov\u00e1","description":"Genov\u00e9 kl\u00ed\u010de s\u00fa univerz\u00e1lnym z\u00e1kladom pre sebapoznanie. Kompletn\u00fd preh\u013ead \u013eudskej genetickej matrice nesie transforma\u010dn\u00fd potenci\u00e1l.","robots":{"index":"index","follow":"follow","max-snippet":"max-snippet:-1","max-image-preview":"max-image-preview:large","max-video-preview":"max-video-preview:-1"},"canonical":"https:\/\/evabaluchova.com\/index.php\/produkt\/genove-klice\/","og_locale":"sk_SK","og_type":"article","og_title":"Genov\u00e9 kl\u00ed\u010de - Eva Baluchov\u00e1","og_description":"Genov\u00e9 kl\u00ed\u010de s\u00fa univerz\u00e1lnym z\u00e1kladom pre sebapoznanie. Kompletn\u00fd preh\u013ead \u013eudskej genetickej matrice nesie transforma\u010dn\u00fd potenci\u00e1l.","og_url":"https:\/\/evabaluchova.com\/index.php\/produkt\/genove-klice\/","og_site_name":"Eva Baluchov\u00e1","article_publisher":"https:\/\/www.facebook.com\/coachevabaluchova","article_modified_time":"2025-11-04T07:54:48+00:00","og_image":[{"width":2000,"height":2000,"url":"https:\/\/evabaluchova.com\/wp-content\/uploads\/2022\/05\/GENOVE_KLICE_1.jpg","type":"image\/jpeg"}],"twitter_card":"summary_large_image","twitter_misc":{"Predpokladan\u00fd \u010das \u010d\u00edtania":"3 min\u00faty"},"schema":{"@context":"https:\/\/schema.org","@graph":[{"@type":"WebPage","@id":"https:\/\/evabaluchova.com\/index.php\/produkt\/genove-klice\/","url":"https:\/\/evabaluchova.com\/index.php\/produkt\/genove-klice\/","name":"Genov\u00e9 kl\u00ed\u010de - Eva Baluchov\u00e1","isPartOf":{"@id":"https:\/\/evabaluchova.com\/#website"},"primaryImageOfPage":{"@id":"https:\/\/evabaluchova.com\/index.php\/produkt\/genove-klice\/#primaryimage"},"image":{"@id":"https:\/\/evabaluchova.com\/index.php\/produkt\/genove-klice\/#primaryimage"},"thumbnailUrl":"https:\/\/evabaluchova.com\/wp-content\/uploads\/2022\/05\/GENOVE_KLICE_1.jpg","datePublished":"2022-05-29T16:12:59+00:00","dateModified":"2025-11-04T07:54:48+00:00","description":"Genov\u00e9 kl\u00ed\u010de s\u00fa univerz\u00e1lnym z\u00e1kladom pre sebapoznanie. Kompletn\u00fd preh\u013ead \u013eudskej genetickej matrice nesie transforma\u010dn\u00fd potenci\u00e1l.","breadcrumb":{"@id":"https:\/\/evabaluchova.com\/index.php\/produkt\/genove-klice\/#breadcrumb"},"inLanguage":"sk-SK","potentialAction":[{"@type":"ReadAction","target":["https:\/\/evabaluchova.com\/index.php\/produkt\/genove-klice\/"]}]},{"@type":"ImageObject","inLanguage":"sk-SK","@id":"https:\/\/evabaluchova.com\/index.php\/produkt\/genove-klice\/#primaryimage","url":"https:\/\/evabaluchova.com\/wp-content\/uploads\/2022\/05\/GENOVE_KLICE_1.jpg","contentUrl":"https:\/\/evabaluchova.com\/wp-content\/uploads\/2022\/05\/GENOVE_KLICE_1.jpg","width":2000,"height":2000,"caption":"Richard Rudd, Genov\u00e9 kl\u00ed\u010de"},{"@type":"BreadcrumbList","@id":"https:\/\/evabaluchova.com\/index.php\/produkt\/genove-klice\/#breadcrumb","itemListElement":[{"@type":"ListItem","position":1,"name":"Home","item":"https:\/\/evabaluchova.com\/"},{"@type":"ListItem","position":2,"name":"Obchod","item":"https:\/\/evabaluchova.com\/index.php\/obchod\/"},{"@type":"ListItem","position":3,"name":"Genov\u00e9 kl\u00ed\u010de"}]},{"@type":"WebSite","@id":"https:\/\/evabaluchova.com\/#website","url":"https:\/\/evabaluchova.com\/","name":"Eva Baluchov\u00e1","description":"Zmena postoja - to je to naj\u00fa\u010dinnej\u0161ie \u010do m\u00f4\u017eete spravi\u0165.","publisher":{"@id":"https:\/\/evabaluchova.com\/#organization"},"potentialAction":[{"@type":"SearchAction","target":{"@type":"EntryPoint","urlTemplate":"https:\/\/evabaluchova.com\/?s={search_term_string}"},"query-input":"required name=search_term_string"}],"inLanguage":"sk-SK"},{"@type":"Organization","@id":"https:\/\/evabaluchova.com\/#organization","name":"Eva Baluchov\u00e1, s.r.o.","url":"https:\/\/evabaluchova.com\/","logo":{"@type":"ImageObject","inLanguage":"sk-SK","@id":"https:\/\/evabaluchova.com\/#\/schema\/logo\/image\/","url":"https:\/\/evabaluchova.com\/wp-content\/uploads\/2021\/07\/23-1.png","contentUrl":"https:\/\/evabaluchova.com\/wp-content\/uploads\/2021\/07\/23-1.png","width":940,"height":788,"caption":"Eva Baluchov\u00e1, s.r.o."},"image":{"@id":"https:\/\/evabaluchova.com\/#\/schema\/logo\/image\/"},"sameAs":["https:\/\/www.facebook.com\/coachevabaluchova"]}]}},"_links":{"self":[{"href":"https:\/\/evabaluchova.com\/index.php\/wp-json\/wp\/v2\/product\/950"}],"collection":[{"href":"https:\/\/evabaluchova.com\/index.php\/wp-json\/wp\/v2\/product"}],"about":[{"href":"https:\/\/evabaluchova.com\/index.php\/wp-json\/wp\/v2\/types\/product"}],"replies":[{"embeddable":true,"href":"https:\/\/evabaluchova.com\/index.php\/wp-json\/wp\/v2\/comments?post=950"}],"wp:featuredmedia":[{"embeddable":true,"href":"https:\/\/evabaluchova.com\/index.php\/wp-json\/wp\/v2\/media\/926"}],"wp:attachment":[{"href":"https:\/\/evabaluchova.com\/index.php\/wp-json\/wp\/v2\/media?parent=950"}],"wp:term":[{"taxonomy":"product_cat","embeddable":true,"href":"https:\/\/evabaluchova.com\/index.php\/wp-json\/wp\/v2\/product_cat?post=950"},{"taxonomy":"product_tag","embeddable":true,"href":"https:\/\/evabaluchova.com\/index.php\/wp-json\/wp\/v2\/product_tag?post=950"}],"curies":[{"name":"wp","href":"https:\/\/api.w.org\/{rel}","templated":true}]}}